{"id":570,"date":"2024-09-13T14:03:50","date_gmt":"2024-09-13T14:03:50","guid":{"rendered":"https:\/\/wearenaturalcasa.com\/?page_id=570"},"modified":"2024-09-26T15:10:03","modified_gmt":"2024-09-26T15:10:03","slug":"aviso-legal","status":"publish","type":"page","link":"https:\/\/wearenaturalcasa.com\/es\/aviso-legal\/","title":{"rendered":"Aviso Legal"},"content":{"rendered":"\n<p>En cumplimiento de la Ley 34\/2002, con \u00faltima actualizaci\u00f3n, 09\/05\/2023, de servicios de la sociedad de la informaci\u00f3n y de comercio electr\u00f3nico, ANGLET ECOM &amp; RETAIL SL, en adelante, NC, le informa que es titular de los sitios web: http:\/\/wearenaturalcasa.com. De acuerdo con la exigencia del art\u00edculo 10 de la mencionada Ley, notifica los siguientes datos: NIF\/CIF: B67774281, Registro Mercantil de GIRONA. Tomo: 3350, Folio: 111, Secci\u00f3n, 8, Hoja: GI-69014 y domicilio social: RAMBLA JOAQUIM RUYRA, 47. 17300, BLANES (GIRONA). La direcci\u00f3n de correo electr\u00f3nico de contacto con la empresa es:<br><a href=\"mailto:support@wearenaturalcasa.com\">support@wearenaturalcasa.com<\/a>.<\/p>\n\n\n\n<div style=\"height:20px\" aria-hidden=\"true\" class=\"wp-block-spacer\"><\/div>\n\n\n\n<h3 class=\"wp-block-heading\">1- USUARIO Y R\u00c9GIMEN DE RESPONSABILIDADES<\/h3>\n\n\n\n<p>La navegaci\u00f3n por acceso o uso de la p\u00e1gina web y todos los subdominios y directorios incluidos bajo el mismo dominio, as\u00ed como los servicios o contenidos que a trav\u00e9s de \u00e9l se puedan obtener y todos los portales de dominio propio bajo titularidad de <strong>NC<\/strong>, otorga la condici\u00f3n de <strong>Usuario<\/strong>, por la que se aceptan, al navegar por la p\u00e1gina web de <strong>NC<\/strong>, todas las condiciones de uso que se establecen sin perjudicar la aplicaci\u00f3n de la correspondiente normativa de obligado cumplimiento legal seg\u00fan el caso.<\/p>\n\n\n\n<p>Por eso, si las consideraciones detalladas en este aviso legal no son de su conformidad, rogamos no haga uso del portal, ya que cualquier uso que haga del mismo o los servicios y contenidos en \u00e9l incluidos implicar\u00e1 la aceptaci\u00f3n de los t\u00e9rminos legales recogidos en este texto.<\/p>\n\n\n\n<p>La p\u00e1gina web de <strong>NC<\/strong>, proporciona gran diversidad de informaci\u00f3n, servicios y datos. El usuario asume su responsabilidad en el uso correcto de los sitios web. Esta responsabilidad se extender\u00e1 a: La veracidad y licitud de las informaciones aportadas por el usuario en los formularios de registro y contacto de <strong>NC<\/strong>, para acceder a determinados contenidos o servicios ofrecidos por la web.<\/p>\n\n\n\n<p>El uso de la informaci\u00f3n, servicios y datos ofrecidos por <strong>NC<\/strong> no ir\u00e1n contra las disposiciones de estas cl\u00e1usulas, la Ley, la moral, las buenas costumbres o el orden p\u00fablico que puedan suponer lesi\u00f3n de los derechos de terceros o del funcionamiento de los sitios web. A tal efecto, el Usuario se abstendr\u00e1 de utilizar cualquiera de los contenidos con fines il\u00edcitos y prohibidos en este texto, lesivos de los derechos e intereses de terceros, o que de cualquier forma puedan da\u00f1ar, inutilizar, sobrecargar, deteriorar o impedir la normal utilizaci\u00f3n de los contenidos, de otros Usuarios o de cualquier usuario de Internet (hardware y software).<\/p>\n\n\n\n<p>Los usuarios responder\u00e1n de los da\u00f1os y perjuicios de toda naturaleza que la entidad propietaria de la web pueda sufrir, directa o indirectamente, como consecuencia de incumplimiento de cualquiera de las obligaciones derivadas del uso de la Web y de esta pol\u00edtica de privacidad.<\/p>\n\n\n\n<p>En particular, y a t\u00edtulo meramente indicativo y no exhaustivo, el Usuario se compromete a no transmitir, difundir o poner a disposici\u00f3n de terceros informaciones, datos, contenidos, mensajes, gr\u00e1ficos, dibujos, archivos de sonido y\/o imagen, fotograf\u00edas de esta web.<\/p>\n\n\n\n<div style=\"height:20px\" aria-hidden=\"true\" class=\"wp-block-spacer\"><\/div>\n\n\n\n<h3 class=\"wp-block-heading\">2- ACCESO A RESE\u00d1AS DE USUARIOS:<\/h3>\n\n\n\n<p>Por el Real Decreto Legislativo-24\/2021, de 2 de noviembre, por el que se modificaci\u00f3n del texto refundido de la Ley general para la defensa de los Consumidores y Usuarios, aprobado por el Real Decreto Legislativo 1\/2007.<\/p>\n\n\n\n<p>Art\u00edculo 20.4, las pr\u00e1cticas comerciales en las que un empresario web facilite el acceso a las rese\u00f1as de los consumidores y usuarios sobre bienes y servicios deber\u00e1n contener informaci\u00f3n sobre el hecho de que el empresario garantice o no que dichas rese\u00f1as publicadas han sido efectuadas por consumidores y usuarios que han utilizado o adquirido realmente el bien o servicio. A tales efectos, el empresario deber\u00e1 facilitar informaci\u00f3n clara a los consumidores y usuarios sobre la manera en que se procesan las rese\u00f1as.<\/p>\n\n\n\n<p>Los <strong>USUARIOS<\/strong>, tienen acceso a escribir rese\u00f1as de la actividad y servicio de esta web mediante un formulario explicito para ello, y con la aceptaci\u00f3n de esta Pol\u00edtica de Privacidad aceptan compartir sus datos e imagen personal.<\/p>\n\n\n\n<p>El contenido publicado, junto con tu nombre y foto de perfil, tambi\u00e9n puede aparecer en sitios web de terceros que utilicen widgets insertables de Google o la API de Google Maps Platform.<\/p>\n\n\n\n<p><br><strong>Si no quieres compartir tu experiencia, im\u00e1genes, v\u00eddeos ni su ubicaci\u00f3n, no utilices este servicio para publicar contenido.<\/strong><\/p>\n\n\n\n<p><\/p>\n\n\n\n<p>Estas cl\u00e1usulas han sido elaboradas por <a href=\"http:\/\/www.grupoqualia.net\/es\/inicio\"><strong>GRUP QUALIA<\/strong><\/a>, por lo que se le otorga un certificado en formato de imagen digital para que pueda exponerlo en su sitio web.<\/p>\n\n\n\n<p><strong>Actualizadas: 04\/06\/2024.<\/strong><\/p>\n\n\n\n<div style=\"height:100px\" aria-hidden=\"true\" class=\"wp-block-spacer\"><\/div>\n","protected":false},"excerpt":{"rendered":"<p>En cumplimiento de la Ley 34\/2002, con \u00faltima actualizaci\u00f3n, 09\/05\/2023, de servicios de la sociedad de la informaci\u00f3n y de comercio electr\u00f3nico, ANGLET ECOM &amp; RETAIL SL, en adelante, NC, le informa que es titular de los sitios web: http:\/\/wearenaturalcasa.com. De acuerdo con la exigencia del art\u00edculo 10 de la mencionada Ley, notifica los siguientes [&hellip;]<\/p>\n","protected":false},"author":1,"featured_media":0,"parent":0,"menu_order":0,"comment_status":"closed","ping_status":"closed","template":"","meta":{"footnotes":""},"class_list":["post-570","page","type-page","status-publish","hentry"],"yoast_head":"<!-- This site is optimized with the Yoast SEO plugin v27.1.1 - https:\/\/yoast.com\/product\/yoast-seo-wordpress\/ -->\n<title>Aviso Legal - naturalcasa\u00ae<\/title>\n<meta name=\"robots\" content=\"index, follow, max-snippet:-1, max-image-preview:large, max-video-preview:-1\" \/>\n<link rel=\"canonical\" href=\"https:\/\/wearenaturalcasa.com\/es\/aviso-legal\/\" \/>\n<meta property=\"og:locale\" content=\"es_ES\" \/>\n<meta property=\"og:type\" content=\"article\" \/>\n<meta property=\"og:title\" content=\"Aviso Legal - naturalcasa\u00ae\" \/>\n<meta property=\"og:description\" content=\"En cumplimiento de la Ley 34\/2002, con \u00faltima actualizaci\u00f3n, 09\/05\/2023, de servicios de la sociedad de la informaci\u00f3n y de comercio electr\u00f3nico, ANGLET ECOM &amp; RETAIL SL, en adelante, NC, le informa que es titular de los sitios web: http:\/\/wearenaturalcasa.com. De acuerdo con la exigencia del art\u00edculo 10 de la mencionada Ley, notifica los siguientes [&hellip;]\" \/>\n<meta property=\"og:url\" content=\"https:\/\/wearenaturalcasa.com\/es\/aviso-legal\/\" \/>\n<meta property=\"og:site_name\" content=\"naturalcasa\u00ae\" \/>\n<meta property=\"article:modified_time\" content=\"2024-09-26T15:10:03+00:00\" \/>\n<meta name=\"twitter:card\" content=\"summary_large_image\" \/>\n<meta name=\"twitter:label1\" content=\"Tiempo de lectura\" \/>\n\t<meta name=\"twitter:data1\" content=\"4 minutos\" \/>\n<script type=\"application\/ld+json\" class=\"yoast-schema-graph\">{\"@context\":\"https:\/\/schema.org\",\"@graph\":[{\"@type\":\"WebPage\",\"@id\":\"https:\/\/wearenaturalcasa.com\/es\/aviso-legal\/\",\"url\":\"https:\/\/wearenaturalcasa.com\/es\/aviso-legal\/\",\"name\":\"Aviso Legal - naturalcasa\u00ae\",\"isPartOf\":{\"@id\":\"https:\/\/wearenaturalcasa.com\/es\/#website\"},\"datePublished\":\"2024-09-13T14:03:50+00:00\",\"dateModified\":\"2024-09-26T15:10:03+00:00\",\"breadcrumb\":{\"@id\":\"https:\/\/wearenaturalcasa.com\/es\/aviso-legal\/#breadcrumb\"},\"inLanguage\":\"es\",\"potentialAction\":[{\"@type\":\"ReadAction\",\"target\":[\"https:\/\/wearenaturalcasa.com\/es\/aviso-legal\/\"]}]},{\"@type\":\"BreadcrumbList\",\"@id\":\"https:\/\/wearenaturalcasa.com\/es\/aviso-legal\/#breadcrumb\",\"itemListElement\":[{\"@type\":\"ListItem\",\"position\":1,\"name\":\"Portada\",\"item\":\"https:\/\/wearenaturalcasa.com\/es\/\"},{\"@type\":\"ListItem\",\"position\":2,\"name\":\"Aviso Legal\"}]},{\"@type\":\"WebSite\",\"@id\":\"https:\/\/wearenaturalcasa.com\/es\/#website\",\"url\":\"https:\/\/wearenaturalcasa.com\/es\/\",\"name\":\"naturalcasa\",\"description\":\"Best confort. Better planet.\",\"publisher\":{\"@id\":\"https:\/\/wearenaturalcasa.com\/es\/#organization\"},\"potentialAction\":[{\"@type\":\"SearchAction\",\"target\":{\"@type\":\"EntryPoint\",\"urlTemplate\":\"https:\/\/wearenaturalcasa.com\/es\/?s={search_term_string}\"},\"query-input\":{\"@type\":\"PropertyValueSpecification\",\"valueRequired\":true,\"valueName\":\"search_term_string\"}}],\"inLanguage\":\"es\"},{\"@type\":\"Organization\",\"@id\":\"https:\/\/wearenaturalcasa.com\/es\/#organization\",\"name\":\"naturalcasa\",\"url\":\"https:\/\/wearenaturalcasa.com\/es\/\",\"logo\":{\"@type\":\"ImageObject\",\"inLanguage\":\"es\",\"@id\":\"https:\/\/wearenaturalcasa.com\/es\/#\/schema\/logo\/image\/\",\"url\":\"https:\/\/wearenaturalcasa.com\/wp-content\/uploads\/2024\/07\/favicon-naturalcasa.png\",\"contentUrl\":\"https:\/\/wearenaturalcasa.com\/wp-content\/uploads\/2024\/07\/favicon-naturalcasa.png\",\"width\":512,\"height\":512,\"caption\":\"naturalcasa\"},\"image\":{\"@id\":\"https:\/\/wearenaturalcasa.com\/es\/#\/schema\/logo\/image\/\"},\"sameAs\":[\"https:\/\/www.instagram.com\/wearenaturalcasa\/\"]}]}<\/script>\n<!-- \/ Yoast SEO plugin. -->","yoast_head_json":{"title":"Aviso Legal - naturalcasa\u00ae","robots":{"index":"index","follow":"follow","max-snippet":"max-snippet:-1","max-image-preview":"max-image-preview:large","max-video-preview":"max-video-preview:-1"},"canonical":"https:\/\/wearenaturalcasa.com\/es\/aviso-legal\/","og_locale":"es_ES","og_type":"article","og_title":"Aviso Legal - naturalcasa\u00ae","og_description":"En cumplimiento de la Ley 34\/2002, con \u00faltima actualizaci\u00f3n, 09\/05\/2023, de servicios de la sociedad de la informaci\u00f3n y de comercio electr\u00f3nico, ANGLET ECOM &amp; RETAIL SL, en adelante, NC, le informa que es titular de los sitios web: http:\/\/wearenaturalcasa.com. De acuerdo con la exigencia del art\u00edculo 10 de la mencionada Ley, notifica los siguientes [&hellip;]","og_url":"https:\/\/wearenaturalcasa.com\/es\/aviso-legal\/","og_site_name":"naturalcasa\u00ae","article_modified_time":"2024-09-26T15:10:03+00:00","twitter_card":"summary_large_image","twitter_misc":{"Tiempo de lectura":"4 minutos"},"schema":{"@context":"https:\/\/schema.org","@graph":[{"@type":"WebPage","@id":"https:\/\/wearenaturalcasa.com\/es\/aviso-legal\/","url":"https:\/\/wearenaturalcasa.com\/es\/aviso-legal\/","name":"Aviso Legal - naturalcasa\u00ae","isPartOf":{"@id":"https:\/\/wearenaturalcasa.com\/es\/#website"},"datePublished":"2024-09-13T14:03:50+00:00","dateModified":"2024-09-26T15:10:03+00:00","breadcrumb":{"@id":"https:\/\/wearenaturalcasa.com\/es\/aviso-legal\/#breadcrumb"},"inLanguage":"es","potentialAction":[{"@type":"ReadAction","target":["https:\/\/wearenaturalcasa.com\/es\/aviso-legal\/"]}]},{"@type":"BreadcrumbList","@id":"https:\/\/wearenaturalcasa.com\/es\/aviso-legal\/#breadcrumb","itemListElement":[{"@type":"ListItem","position":1,"name":"Portada","item":"https:\/\/wearenaturalcasa.com\/es\/"},{"@type":"ListItem","position":2,"name":"Aviso Legal"}]},{"@type":"WebSite","@id":"https:\/\/wearenaturalcasa.com\/es\/#website","url":"https:\/\/wearenaturalcasa.com\/es\/","name":"naturalcasa","description":"Best confort. Better planet.","publisher":{"@id":"https:\/\/wearenaturalcasa.com\/es\/#organization"},"potentialAction":[{"@type":"SearchAction","target":{"@type":"EntryPoint","urlTemplate":"https:\/\/wearenaturalcasa.com\/es\/?s={search_term_string}"},"query-input":{"@type":"PropertyValueSpecification","valueRequired":true,"valueName":"search_term_string"}}],"inLanguage":"es"},{"@type":"Organization","@id":"https:\/\/wearenaturalcasa.com\/es\/#organization","name":"naturalcasa","url":"https:\/\/wearenaturalcasa.com\/es\/","logo":{"@type":"ImageObject","inLanguage":"es","@id":"https:\/\/wearenaturalcasa.com\/es\/#\/schema\/logo\/image\/","url":"https:\/\/wearenaturalcasa.com\/wp-content\/uploads\/2024\/07\/favicon-naturalcasa.png","contentUrl":"https:\/\/wearenaturalcasa.com\/wp-content\/uploads\/2024\/07\/favicon-naturalcasa.png","width":512,"height":512,"caption":"naturalcasa"},"image":{"@id":"https:\/\/wearenaturalcasa.com\/es\/#\/schema\/logo\/image\/"},"sameAs":["https:\/\/www.instagram.com\/wearenaturalcasa\/"]}]}},"_links":{"self":[{"href":"https:\/\/wearenaturalcasa.com\/es\/wp-json\/wp\/v2\/pages\/570","targetHints":{"allow":["GET"]}}],"collection":[{"href":"https:\/\/wearenaturalcasa.com\/es\/wp-json\/wp\/v2\/pages"}],"about":[{"href":"https:\/\/wearenaturalcasa.com\/es\/wp-json\/wp\/v2\/types\/page"}],"author":[{"embeddable":true,"href":"https:\/\/wearenaturalcasa.com\/es\/wp-json\/wp\/v2\/users\/1"}],"replies":[{"embeddable":true,"href":"https:\/\/wearenaturalcasa.com\/es\/wp-json\/wp\/v2\/comments?post=570"}],"version-history":[{"count":0,"href":"https:\/\/wearenaturalcasa.com\/es\/wp-json\/wp\/v2\/pages\/570\/revisions"}],"wp:attachment":[{"href":"https:\/\/wearenaturalcasa.com\/es\/wp-json\/wp\/v2\/media?parent=570"}],"curies":[{"name":"wp","href":"https:\/\/api.w.org\/{rel}","templated":true}]}}