{"id":577,"date":"2024-09-13T14:07:13","date_gmt":"2024-09-13T14:07:13","guid":{"rendered":"https:\/\/wearenaturalcasa.com\/?page_id=577"},"modified":"2024-09-27T11:07:20","modified_gmt":"2024-09-27T11:07:20","slug":"sobre-nosotros","status":"publish","type":"page","link":"https:\/\/wearenaturalcasa.com\/es\/sobre-nosotros\/","title":{"rendered":"sobre nosotros"},"content":{"rendered":"\n<p>Nuestro equipo est\u00e1 liderado por tres directivos franco-espa\u00f1oles con m\u00e1s de 25 a\u00f1os de experiencia en la industria del descanso y retail. Provenientes de importantes multinacionales como Beter Bed Holding, Marmota, Lo Monaco y Pikolin, nuestros fundadores han demostrado un conocimiento profundo del mercado y una visi\u00f3n estrat\u00e9gica enfocada en la innovaci\u00f3n y el bienestar del cliente. Su experiencia combinada en gesti\u00f3n, desarrollo de producto y expansi\u00f3n internacional asegura una direcci\u00f3n s\u00f3lida y comprometida con la excelencia. Juntos, impulsan una empresa joven que busca revolucionar el sector descanso a trav\u00e9s de productos y servicios de alta calidad.<\/p>\n\n\n\n<p><\/p>\n","protected":false},"excerpt":{"rendered":"<p>Nuestro equipo est\u00e1 liderado por tres directivos franco-espa\u00f1oles con m\u00e1s de 25 a\u00f1os de experiencia en la industria del descanso y retail. Provenientes de importantes multinacionales como Beter Bed Holding, Marmota, Lo Monaco y Pikolin, nuestros fundadores han demostrado un conocimiento profundo del mercado y una visi\u00f3n estrat\u00e9gica enfocada en la innovaci\u00f3n y el bienestar [&hellip;]<\/p>\n","protected":false},"author":1,"featured_media":0,"parent":0,"menu_order":0,"comment_status":"closed","ping_status":"closed","template":"","meta":{"footnotes":""},"class_list":["post-577","page","type-page","status-publish","hentry"],"yoast_head":"<!-- This site is optimized with the Yoast SEO plugin v27.1.1 - https:\/\/yoast.com\/product\/yoast-seo-wordpress\/ -->\n<title>sobre nosotros - naturalcasa\u00ae<\/title>\n<meta name=\"robots\" content=\"index, follow, max-snippet:-1, max-image-preview:large, max-video-preview:-1\" \/>\n<link rel=\"canonical\" href=\"https:\/\/wearenaturalcasa.com\/es\/sobre-nosotros\/\" \/>\n<meta property=\"og:locale\" content=\"es_ES\" \/>\n<meta property=\"og:type\" content=\"article\" \/>\n<meta property=\"og:title\" content=\"sobre nosotros - naturalcasa\u00ae\" \/>\n<meta property=\"og:description\" content=\"Nuestro equipo est\u00e1 liderado por tres directivos franco-espa\u00f1oles con m\u00e1s de 25 a\u00f1os de experiencia en la industria del descanso y retail. Provenientes de importantes multinacionales como Beter Bed Holding, Marmota, Lo Monaco y Pikolin, nuestros fundadores han demostrado un conocimiento profundo del mercado y una visi\u00f3n estrat\u00e9gica enfocada en la innovaci\u00f3n y el bienestar [&hellip;]\" \/>\n<meta property=\"og:url\" content=\"https:\/\/wearenaturalcasa.com\/es\/sobre-nosotros\/\" \/>\n<meta property=\"og:site_name\" content=\"naturalcasa\u00ae\" \/>\n<meta property=\"article:modified_time\" content=\"2024-09-27T11:07:20+00:00\" \/>\n<meta name=\"twitter:card\" content=\"summary_large_image\" \/>\n<meta name=\"twitter:label1\" content=\"Tiempo de lectura\" \/>\n\t<meta name=\"twitter:data1\" content=\"1 minuto\" \/>\n<script type=\"application\/ld+json\" class=\"yoast-schema-graph\">{\"@context\":\"https:\/\/schema.org\",\"@graph\":[{\"@type\":\"WebPage\",\"@id\":\"https:\/\/wearenaturalcasa.com\/es\/sobre-nosotros\/\",\"url\":\"https:\/\/wearenaturalcasa.com\/es\/sobre-nosotros\/\",\"name\":\"sobre nosotros - naturalcasa\u00ae\",\"isPartOf\":{\"@id\":\"https:\/\/wearenaturalcasa.com\/es\/#website\"},\"datePublished\":\"2024-09-13T14:07:13+00:00\",\"dateModified\":\"2024-09-27T11:07:20+00:00\",\"breadcrumb\":{\"@id\":\"https:\/\/wearenaturalcasa.com\/es\/sobre-nosotros\/#breadcrumb\"},\"inLanguage\":\"es\",\"potentialAction\":[{\"@type\":\"ReadAction\",\"target\":[\"https:\/\/wearenaturalcasa.com\/es\/sobre-nosotros\/\"]}]},{\"@type\":\"BreadcrumbList\",\"@id\":\"https:\/\/wearenaturalcasa.com\/es\/sobre-nosotros\/#breadcrumb\",\"itemListElement\":[{\"@type\":\"ListItem\",\"position\":1,\"name\":\"Portada\",\"item\":\"https:\/\/wearenaturalcasa.com\/es\/\"},{\"@type\":\"ListItem\",\"position\":2,\"name\":\"sobre nosotros\"}]},{\"@type\":\"WebSite\",\"@id\":\"https:\/\/wearenaturalcasa.com\/es\/#website\",\"url\":\"https:\/\/wearenaturalcasa.com\/es\/\",\"name\":\"naturalcasa\",\"description\":\"Best confort. Better planet.\",\"publisher\":{\"@id\":\"https:\/\/wearenaturalcasa.com\/es\/#organization\"},\"potentialAction\":[{\"@type\":\"SearchAction\",\"target\":{\"@type\":\"EntryPoint\",\"urlTemplate\":\"https:\/\/wearenaturalcasa.com\/es\/?s={search_term_string}\"},\"query-input\":{\"@type\":\"PropertyValueSpecification\",\"valueRequired\":true,\"valueName\":\"search_term_string\"}}],\"inLanguage\":\"es\"},{\"@type\":\"Organization\",\"@id\":\"https:\/\/wearenaturalcasa.com\/es\/#organization\",\"name\":\"naturalcasa\",\"url\":\"https:\/\/wearenaturalcasa.com\/es\/\",\"logo\":{\"@type\":\"ImageObject\",\"inLanguage\":\"es\",\"@id\":\"https:\/\/wearenaturalcasa.com\/es\/#\/schema\/logo\/image\/\",\"url\":\"https:\/\/wearenaturalcasa.com\/wp-content\/uploads\/2024\/07\/favicon-naturalcasa.png\",\"contentUrl\":\"https:\/\/wearenaturalcasa.com\/wp-content\/uploads\/2024\/07\/favicon-naturalcasa.png\",\"width\":512,\"height\":512,\"caption\":\"naturalcasa\"},\"image\":{\"@id\":\"https:\/\/wearenaturalcasa.com\/es\/#\/schema\/logo\/image\/\"},\"sameAs\":[\"https:\/\/www.instagram.com\/wearenaturalcasa\/\"]}]}<\/script>\n<!-- \/ Yoast SEO plugin. -->","yoast_head_json":{"title":"sobre nosotros - naturalcasa\u00ae","robots":{"index":"index","follow":"follow","max-snippet":"max-snippet:-1","max-image-preview":"max-image-preview:large","max-video-preview":"max-video-preview:-1"},"canonical":"https:\/\/wearenaturalcasa.com\/es\/sobre-nosotros\/","og_locale":"es_ES","og_type":"article","og_title":"sobre nosotros - naturalcasa\u00ae","og_description":"Nuestro equipo est\u00e1 liderado por tres directivos franco-espa\u00f1oles con m\u00e1s de 25 a\u00f1os de experiencia en la industria del descanso y retail. Provenientes de importantes multinacionales como Beter Bed Holding, Marmota, Lo Monaco y Pikolin, nuestros fundadores han demostrado un conocimiento profundo del mercado y una visi\u00f3n estrat\u00e9gica enfocada en la innovaci\u00f3n y el bienestar [&hellip;]","og_url":"https:\/\/wearenaturalcasa.com\/es\/sobre-nosotros\/","og_site_name":"naturalcasa\u00ae","article_modified_time":"2024-09-27T11:07:20+00:00","twitter_card":"summary_large_image","twitter_misc":{"Tiempo de lectura":"1 minuto"},"schema":{"@context":"https:\/\/schema.org","@graph":[{"@type":"WebPage","@id":"https:\/\/wearenaturalcasa.com\/es\/sobre-nosotros\/","url":"https:\/\/wearenaturalcasa.com\/es\/sobre-nosotros\/","name":"sobre nosotros - naturalcasa\u00ae","isPartOf":{"@id":"https:\/\/wearenaturalcasa.com\/es\/#website"},"datePublished":"2024-09-13T14:07:13+00:00","dateModified":"2024-09-27T11:07:20+00:00","breadcrumb":{"@id":"https:\/\/wearenaturalcasa.com\/es\/sobre-nosotros\/#breadcrumb"},"inLanguage":"es","potentialAction":[{"@type":"ReadAction","target":["https:\/\/wearenaturalcasa.com\/es\/sobre-nosotros\/"]}]},{"@type":"BreadcrumbList","@id":"https:\/\/wearenaturalcasa.com\/es\/sobre-nosotros\/#breadcrumb","itemListElement":[{"@type":"ListItem","position":1,"name":"Portada","item":"https:\/\/wearenaturalcasa.com\/es\/"},{"@type":"ListItem","position":2,"name":"sobre nosotros"}]},{"@type":"WebSite","@id":"https:\/\/wearenaturalcasa.com\/es\/#website","url":"https:\/\/wearenaturalcasa.com\/es\/","name":"naturalcasa","description":"Best confort. Better planet.","publisher":{"@id":"https:\/\/wearenaturalcasa.com\/es\/#organization"},"potentialAction":[{"@type":"SearchAction","target":{"@type":"EntryPoint","urlTemplate":"https:\/\/wearenaturalcasa.com\/es\/?s={search_term_string}"},"query-input":{"@type":"PropertyValueSpecification","valueRequired":true,"valueName":"search_term_string"}}],"inLanguage":"es"},{"@type":"Organization","@id":"https:\/\/wearenaturalcasa.com\/es\/#organization","name":"naturalcasa","url":"https:\/\/wearenaturalcasa.com\/es\/","logo":{"@type":"ImageObject","inLanguage":"es","@id":"https:\/\/wearenaturalcasa.com\/es\/#\/schema\/logo\/image\/","url":"https:\/\/wearenaturalcasa.com\/wp-content\/uploads\/2024\/07\/favicon-naturalcasa.png","contentUrl":"https:\/\/wearenaturalcasa.com\/wp-content\/uploads\/2024\/07\/favicon-naturalcasa.png","width":512,"height":512,"caption":"naturalcasa"},"image":{"@id":"https:\/\/wearenaturalcasa.com\/es\/#\/schema\/logo\/image\/"},"sameAs":["https:\/\/www.instagram.com\/wearenaturalcasa\/"]}]}},"_links":{"self":[{"href":"https:\/\/wearenaturalcasa.com\/es\/wp-json\/wp\/v2\/pages\/577","targetHints":{"allow":["GET"]}}],"collection":[{"href":"https:\/\/wearenaturalcasa.com\/es\/wp-json\/wp\/v2\/pages"}],"about":[{"href":"https:\/\/wearenaturalcasa.com\/es\/wp-json\/wp\/v2\/types\/page"}],"author":[{"embeddable":true,"href":"https:\/\/wearenaturalcasa.com\/es\/wp-json\/wp\/v2\/users\/1"}],"replies":[{"embeddable":true,"href":"https:\/\/wearenaturalcasa.com\/es\/wp-json\/wp\/v2\/comments?post=577"}],"version-history":[{"count":0,"href":"https:\/\/wearenaturalcasa.com\/es\/wp-json\/wp\/v2\/pages\/577\/revisions"}],"wp:attachment":[{"href":"https:\/\/wearenaturalcasa.com\/es\/wp-json\/wp\/v2\/media?parent=577"}],"curies":[{"name":"wp","href":"https:\/\/api.w.org\/{rel}","templated":true}]}}