{"id":57,"date":"2024-07-30T07:48:40","date_gmt":"2024-07-30T07:48:40","guid":{"rendered":"https:\/\/wearenaturalcasa.com\/?post_type=product&#038;p=57"},"modified":"2026-02-24T12:26:37","modified_gmt":"2026-02-24T12:26:37","slug":"colchon-naturalcasa","status":"publish","type":"product","link":"https:\/\/wearenaturalcasa.com\/es\/product\/colchon-naturalcasa\/","title":{"rendered":"Colch\u00f3n naturalcasa\u00ae"},"content":{"rendered":"","protected":false},"excerpt":{"rendered":"<p>El colch\u00f3n naturalcasa es un colch\u00f3n de l\u00e1tex 100% natural que ofrece un equilibrio perfecto entre confort, salud y sostenibilidad.<\/p>\n","protected":false},"featured_media":67,"template":"","meta":[],"product_brand":[],"product_cat":[15],"product_tag":[],"class_list":{"0":"post-57","1":"product","2":"type-product","3":"status-publish","4":"has-post-thumbnail","6":"product_cat-colchones","7":"product_shipping_class-envio-normal","9":"first","10":"instock","11":"shipping-taxable","12":"purchasable","13":"product-type-variable"},"yoast_head":"<!-- This site is optimized with the Yoast SEO plugin v27.1.1 - https:\/\/yoast.com\/product\/yoast-seo-wordpress\/ -->\n<title>Colch\u00f3n naturalcasa\u00ae - naturalcasa\u00ae<\/title>\n<meta name=\"description\" content=\"El colch\u00f3n naturalcasa es un colch\u00f3n de l\u00e1tex 100% natural que ofrece un equilibrio perfecto entre confort, salud y sostenibilidad.\" \/>\n<meta name=\"robots\" content=\"index, follow, max-snippet:-1, max-image-preview:large, max-video-preview:-1\" \/>\n<link rel=\"canonical\" href=\"https:\/\/wearenaturalcasa.com\/es\/product\/colchon-naturalcasa\/\" \/>\n<meta property=\"og:locale\" content=\"es_ES\" \/>\n<meta property=\"og:type\" content=\"article\" \/>\n<meta property=\"og:title\" content=\"Colch\u00f3n naturalcasa\u00ae - naturalcasa\u00ae\" \/>\n<meta property=\"og:description\" content=\"El colch\u00f3n naturalcasa es un colch\u00f3n de l\u00e1tex 100% natural que ofrece un equilibrio perfecto entre confort, salud y sostenibilidad.\" \/>\n<meta property=\"og:url\" content=\"https:\/\/wearenaturalcasa.com\/es\/product\/colchon-naturalcasa\/\" \/>\n<meta property=\"og:site_name\" content=\"naturalcasa\u00ae\" \/>\n<meta property=\"article:modified_time\" content=\"2026-02-24T12:26:37+00:00\" \/>\n<meta property=\"og:image\" content=\"https:\/\/wearenaturalcasa.com\/wp-content\/uploads\/2024\/07\/colchon.jpg\" \/>\n\t<meta property=\"og:image:width\" content=\"831\" \/>\n\t<meta property=\"og:image:height\" content=\"363\" \/>\n\t<meta property=\"og:image:type\" content=\"image\/jpeg\" \/>\n<meta name=\"twitter:card\" content=\"summary_large_image\" \/>\n<meta name=\"twitter:label1\" content=\"Tiempo de lectura\" \/>\n\t<meta name=\"twitter:data1\" content=\"1 minuto\" \/>\n<script type=\"application\/ld+json\" class=\"yoast-schema-graph\">{\"@context\":\"https:\/\/schema.org\",\"@graph\":[{\"@type\":\"WebPage\",\"@id\":\"https:\/\/wearenaturalcasa.com\/es\/product\/colchon-naturalcasa\/\",\"url\":\"https:\/\/wearenaturalcasa.com\/es\/product\/colchon-naturalcasa\/\",\"name\":\"Colch\u00f3n naturalcasa\u00ae - naturalcasa\u00ae\",\"isPartOf\":{\"@id\":\"https:\/\/wearenaturalcasa.com\/es\/#website\"},\"primaryImageOfPage\":{\"@id\":\"https:\/\/wearenaturalcasa.com\/es\/product\/colchon-naturalcasa\/#primaryimage\"},\"image\":{\"@id\":\"https:\/\/wearenaturalcasa.com\/es\/product\/colchon-naturalcasa\/#primaryimage\"},\"thumbnailUrl\":\"https:\/\/wearenaturalcasa.com\/wp-content\/uploads\/2024\/07\/colchon.jpg\",\"datePublished\":\"2024-07-30T07:48:40+00:00\",\"dateModified\":\"2026-02-24T12:26:37+00:00\",\"description\":\"El colch\u00f3n naturalcasa es un colch\u00f3n de l\u00e1tex 100% natural que ofrece un equilibrio perfecto entre confort, salud y sostenibilidad.\",\"breadcrumb\":{\"@id\":\"https:\/\/wearenaturalcasa.com\/es\/product\/colchon-naturalcasa\/#breadcrumb\"},\"inLanguage\":\"es\",\"potentialAction\":[{\"@type\":\"ReadAction\",\"target\":[\"https:\/\/wearenaturalcasa.com\/es\/product\/colchon-naturalcasa\/\"]}]},{\"@type\":\"ImageObject\",\"inLanguage\":\"es\",\"@id\":\"https:\/\/wearenaturalcasa.com\/es\/product\/colchon-naturalcasa\/#primaryimage\",\"url\":\"https:\/\/wearenaturalcasa.com\/wp-content\/uploads\/2024\/07\/colchon.jpg\",\"contentUrl\":\"https:\/\/wearenaturalcasa.com\/wp-content\/uploads\/2024\/07\/colchon.jpg\",\"width\":831,\"height\":363},{\"@type\":\"BreadcrumbList\",\"@id\":\"https:\/\/wearenaturalcasa.com\/es\/product\/colchon-naturalcasa\/#breadcrumb\",\"itemListElement\":[{\"@type\":\"ListItem\",\"position\":1,\"name\":\"Portada\",\"item\":\"https:\/\/wearenaturalcasa.com\/es\/\"},{\"@type\":\"ListItem\",\"position\":2,\"name\":\"Productos\",\"item\":\"https:\/\/wearenaturalcasa.com\/es\/shop\/\"},{\"@type\":\"ListItem\",\"position\":3,\"name\":\"Colch\u00f3n naturalcasa\u00ae\"}]},{\"@type\":\"WebSite\",\"@id\":\"https:\/\/wearenaturalcasa.com\/es\/#website\",\"url\":\"https:\/\/wearenaturalcasa.com\/es\/\",\"name\":\"naturalcasa\",\"description\":\"Best confort. Better planet.\",\"publisher\":{\"@id\":\"https:\/\/wearenaturalcasa.com\/es\/#organization\"},\"potentialAction\":[{\"@type\":\"SearchAction\",\"target\":{\"@type\":\"EntryPoint\",\"urlTemplate\":\"https:\/\/wearenaturalcasa.com\/es\/?s={search_term_string}\"},\"query-input\":{\"@type\":\"PropertyValueSpecification\",\"valueRequired\":true,\"valueName\":\"search_term_string\"}}],\"inLanguage\":\"es\"},{\"@type\":\"Organization\",\"@id\":\"https:\/\/wearenaturalcasa.com\/es\/#organization\",\"name\":\"naturalcasa\",\"url\":\"https:\/\/wearenaturalcasa.com\/es\/\",\"logo\":{\"@type\":\"ImageObject\",\"inLanguage\":\"es\",\"@id\":\"https:\/\/wearenaturalcasa.com\/es\/#\/schema\/logo\/image\/\",\"url\":\"https:\/\/wearenaturalcasa.com\/wp-content\/uploads\/2024\/07\/favicon-naturalcasa.png\",\"contentUrl\":\"https:\/\/wearenaturalcasa.com\/wp-content\/uploads\/2024\/07\/favicon-naturalcasa.png\",\"width\":512,\"height\":512,\"caption\":\"naturalcasa\"},\"image\":{\"@id\":\"https:\/\/wearenaturalcasa.com\/es\/#\/schema\/logo\/image\/\"},\"sameAs\":[\"https:\/\/www.instagram.com\/wearenaturalcasa\/\"]}]}<\/script>\n<!-- \/ Yoast SEO plugin. -->","yoast_head_json":{"title":"Colch\u00f3n naturalcasa\u00ae - naturalcasa\u00ae","description":"El colch\u00f3n naturalcasa es un colch\u00f3n de l\u00e1tex 100% natural que ofrece un equilibrio perfecto entre confort, salud y sostenibilidad.","robots":{"index":"index","follow":"follow","max-snippet":"max-snippet:-1","max-image-preview":"max-image-preview:large","max-video-preview":"max-video-preview:-1"},"canonical":"https:\/\/wearenaturalcasa.com\/es\/product\/colchon-naturalcasa\/","og_locale":"es_ES","og_type":"article","og_title":"Colch\u00f3n naturalcasa\u00ae - naturalcasa\u00ae","og_description":"El colch\u00f3n naturalcasa es un colch\u00f3n de l\u00e1tex 100% natural que ofrece un equilibrio perfecto entre confort, salud y sostenibilidad.","og_url":"https:\/\/wearenaturalcasa.com\/es\/product\/colchon-naturalcasa\/","og_site_name":"naturalcasa\u00ae","article_modified_time":"2026-02-24T12:26:37+00:00","og_image":[{"width":831,"height":363,"url":"https:\/\/wearenaturalcasa.com\/wp-content\/uploads\/2024\/07\/colchon.jpg","type":"image\/jpeg"}],"twitter_card":"summary_large_image","twitter_misc":{"Tiempo de lectura":"1 minuto"},"schema":{"@context":"https:\/\/schema.org","@graph":[{"@type":"WebPage","@id":"https:\/\/wearenaturalcasa.com\/es\/product\/colchon-naturalcasa\/","url":"https:\/\/wearenaturalcasa.com\/es\/product\/colchon-naturalcasa\/","name":"Colch\u00f3n naturalcasa\u00ae - naturalcasa\u00ae","isPartOf":{"@id":"https:\/\/wearenaturalcasa.com\/es\/#website"},"primaryImageOfPage":{"@id":"https:\/\/wearenaturalcasa.com\/es\/product\/colchon-naturalcasa\/#primaryimage"},"image":{"@id":"https:\/\/wearenaturalcasa.com\/es\/product\/colchon-naturalcasa\/#primaryimage"},"thumbnailUrl":"https:\/\/wearenaturalcasa.com\/wp-content\/uploads\/2024\/07\/colchon.jpg","datePublished":"2024-07-30T07:48:40+00:00","dateModified":"2026-02-24T12:26:37+00:00","description":"El colch\u00f3n naturalcasa es un colch\u00f3n de l\u00e1tex 100% natural que ofrece un equilibrio perfecto entre confort, salud y sostenibilidad.","breadcrumb":{"@id":"https:\/\/wearenaturalcasa.com\/es\/product\/colchon-naturalcasa\/#breadcrumb"},"inLanguage":"es","potentialAction":[{"@type":"ReadAction","target":["https:\/\/wearenaturalcasa.com\/es\/product\/colchon-naturalcasa\/"]}]},{"@type":"ImageObject","inLanguage":"es","@id":"https:\/\/wearenaturalcasa.com\/es\/product\/colchon-naturalcasa\/#primaryimage","url":"https:\/\/wearenaturalcasa.com\/wp-content\/uploads\/2024\/07\/colchon.jpg","contentUrl":"https:\/\/wearenaturalcasa.com\/wp-content\/uploads\/2024\/07\/colchon.jpg","width":831,"height":363},{"@type":"BreadcrumbList","@id":"https:\/\/wearenaturalcasa.com\/es\/product\/colchon-naturalcasa\/#breadcrumb","itemListElement":[{"@type":"ListItem","position":1,"name":"Portada","item":"https:\/\/wearenaturalcasa.com\/es\/"},{"@type":"ListItem","position":2,"name":"Productos","item":"https:\/\/wearenaturalcasa.com\/es\/shop\/"},{"@type":"ListItem","position":3,"name":"Colch\u00f3n naturalcasa\u00ae"}]},{"@type":"WebSite","@id":"https:\/\/wearenaturalcasa.com\/es\/#website","url":"https:\/\/wearenaturalcasa.com\/es\/","name":"naturalcasa","description":"Best confort. Better planet.","publisher":{"@id":"https:\/\/wearenaturalcasa.com\/es\/#organization"},"potentialAction":[{"@type":"SearchAction","target":{"@type":"EntryPoint","urlTemplate":"https:\/\/wearenaturalcasa.com\/es\/?s={search_term_string}"},"query-input":{"@type":"PropertyValueSpecification","valueRequired":true,"valueName":"search_term_string"}}],"inLanguage":"es"},{"@type":"Organization","@id":"https:\/\/wearenaturalcasa.com\/es\/#organization","name":"naturalcasa","url":"https:\/\/wearenaturalcasa.com\/es\/","logo":{"@type":"ImageObject","inLanguage":"es","@id":"https:\/\/wearenaturalcasa.com\/es\/#\/schema\/logo\/image\/","url":"https:\/\/wearenaturalcasa.com\/wp-content\/uploads\/2024\/07\/favicon-naturalcasa.png","contentUrl":"https:\/\/wearenaturalcasa.com\/wp-content\/uploads\/2024\/07\/favicon-naturalcasa.png","width":512,"height":512,"caption":"naturalcasa"},"image":{"@id":"https:\/\/wearenaturalcasa.com\/es\/#\/schema\/logo\/image\/"},"sameAs":["https:\/\/www.instagram.com\/wearenaturalcasa\/"]}]}},"_links":{"self":[{"href":"https:\/\/wearenaturalcasa.com\/es\/wp-json\/wp\/v2\/product\/57","targetHints":{"allow":["GET"]}}],"collection":[{"href":"https:\/\/wearenaturalcasa.com\/es\/wp-json\/wp\/v2\/product"}],"about":[{"href":"https:\/\/wearenaturalcasa.com\/es\/wp-json\/wp\/v2\/types\/product"}],"wp:featuredmedia":[{"embeddable":true,"href":"https:\/\/wearenaturalcasa.com\/es\/wp-json\/wp\/v2\/media\/67"}],"wp:attachment":[{"href":"https:\/\/wearenaturalcasa.com\/es\/wp-json\/wp\/v2\/media?parent=57"}],"wp:term":[{"taxonomy":"product_brand","embeddable":true,"href":"https:\/\/wearenaturalcasa.com\/es\/wp-json\/wp\/v2\/product_brand?post=57"},{"taxonomy":"product_cat","embeddable":true,"href":"https:\/\/wearenaturalcasa.com\/es\/wp-json\/wp\/v2\/product_cat?post=57"},{"taxonomy":"product_tag","embeddable":true,"href":"https:\/\/wearenaturalcasa.com\/es\/wp-json\/wp\/v2\/product_tag?post=57"}],"curies":[{"name":"wp","href":"https:\/\/api.w.org\/{rel}","templated":true}]}}