{"id":1221,"date":"2024-09-13T14:07:13","date_gmt":"2024-09-13T14:07:13","guid":{"rendered":"https:\/\/wearenaturalcasa.com\/a-propos-de-nous\/"},"modified":"2024-10-08T05:42:27","modified_gmt":"2024-10-08T05:42:27","slug":"a-propos-de-nous","status":"publish","type":"page","link":"https:\/\/wearenaturalcasa.com\/fr\/a-propos-de-nous\/","title":{"rendered":"\u00e0 propos de nous"},"content":{"rendered":"\n<p>Notre \u00e9quipe est dirig\u00e9e par trois cadres franco-espagnols ayant plus de 25 ans d\u2019exp\u00e9rience dans l\u2019industrie du sommeil et du retail. Issus de grandes multinationales telles que Beter Bed Holding, Marmota, Lo Monaco et Pikolin, nos fondateurs ont d\u00e9montr\u00e9 une connaissance approfondie du march\u00e9 et une vision strat\u00e9gique ax\u00e9e sur l\u2019innovation et le bien-\u00eatre du client. Leur exp\u00e9rience combin\u00e9e en gestion, d\u00e9veloppement de produit et expansion internationale garantit une direction solide et engag\u00e9e envers l\u2019excellence. Ensemble, ils impulsent une jeune entreprise qui cherche \u00e0 r\u00e9volutionner le secteur du sommeil gr\u00e2ce \u00e0 des produits et services de haute qualit\u00e9.&#13;\n<\/p>\n\n<p><\/p>\n","protected":false},"excerpt":{"rendered":"<p>Notre \u00e9quipe est dirig\u00e9e par trois cadres franco-espagnols ayant plus de 25 ans d\u2019exp\u00e9rience dans l\u2019industrie du sommeil et du retail. Issus de grandes multinationales telles que Beter Bed Holding, Marmota, Lo Monaco et Pikolin, nos fondateurs ont d\u00e9montr\u00e9 une connaissance approfondie du march\u00e9 et une vision strat\u00e9gique ax\u00e9e sur l\u2019innovation et le bien-\u00eatre du [&hellip;]<\/p>\n","protected":false},"author":1,"featured_media":0,"parent":0,"menu_order":0,"comment_status":"closed","ping_status":"closed","template":"","meta":{"footnotes":""},"class_list":["post-1221","page","type-page","status-publish","hentry"],"yoast_head":"<!-- This site is optimized with the Yoast SEO plugin v27.1.1 - https:\/\/yoast.com\/product\/yoast-seo-wordpress\/ -->\n<title>\u00e0 propos de nous - naturalcasa\u00ae<\/title>\n<meta name=\"robots\" content=\"index, follow, max-snippet:-1, max-image-preview:large, max-video-preview:-1\" \/>\n<link rel=\"canonical\" href=\"https:\/\/wearenaturalcasa.com\/fr\/a-propos-de-nous\/\" \/>\n<meta property=\"og:locale\" content=\"fr_FR\" \/>\n<meta property=\"og:type\" content=\"article\" \/>\n<meta property=\"og:title\" content=\"\u00e0 propos de nous - naturalcasa\u00ae\" \/>\n<meta property=\"og:description\" content=\"Notre \u00e9quipe est dirig\u00e9e par trois cadres franco-espagnols ayant plus de 25 ans d\u2019exp\u00e9rience dans l\u2019industrie du sommeil et du retail. Issus de grandes multinationales telles que Beter Bed Holding, Marmota, Lo Monaco et Pikolin, nos fondateurs ont d\u00e9montr\u00e9 une connaissance approfondie du march\u00e9 et une vision strat\u00e9gique ax\u00e9e sur l\u2019innovation et le bien-\u00eatre du [&hellip;]\" \/>\n<meta property=\"og:url\" content=\"https:\/\/wearenaturalcasa.com\/fr\/a-propos-de-nous\/\" \/>\n<meta property=\"og:site_name\" content=\"naturalcasa\u00ae\" \/>\n<meta property=\"article:modified_time\" content=\"2024-10-08T05:42:27+00:00\" \/>\n<meta name=\"twitter:card\" content=\"summary_large_image\" \/>\n<meta name=\"twitter:label1\" content=\"Dur\u00e9e de lecture estim\u00e9e\" \/>\n\t<meta name=\"twitter:data1\" content=\"1 minute\" \/>\n<script type=\"application\/ld+json\" class=\"yoast-schema-graph\">{\"@context\":\"https:\/\/schema.org\",\"@graph\":[{\"@type\":\"WebPage\",\"@id\":\"https:\/\/wearenaturalcasa.com\/fr\/a-propos-de-nous\/\",\"url\":\"https:\/\/wearenaturalcasa.com\/fr\/a-propos-de-nous\/\",\"name\":\"\u00e0 propos de nous - naturalcasa\u00ae\",\"isPartOf\":{\"@id\":\"https:\/\/wearenaturalcasa.com\/fr\/#website\"},\"datePublished\":\"2024-09-13T14:07:13+00:00\",\"dateModified\":\"2024-10-08T05:42:27+00:00\",\"breadcrumb\":{\"@id\":\"https:\/\/wearenaturalcasa.com\/fr\/a-propos-de-nous\/#breadcrumb\"},\"inLanguage\":\"fr-FR\",\"potentialAction\":[{\"@type\":\"ReadAction\",\"target\":[\"https:\/\/wearenaturalcasa.com\/fr\/a-propos-de-nous\/\"]}]},{\"@type\":\"BreadcrumbList\",\"@id\":\"https:\/\/wearenaturalcasa.com\/fr\/a-propos-de-nous\/#breadcrumb\",\"itemListElement\":[{\"@type\":\"ListItem\",\"position\":1,\"name\":\"Portada\",\"item\":\"https:\/\/wearenaturalcasa.com\/fr\/\"},{\"@type\":\"ListItem\",\"position\":2,\"name\":\"\u00e0 propos de nous\"}]},{\"@type\":\"WebSite\",\"@id\":\"https:\/\/wearenaturalcasa.com\/fr\/#website\",\"url\":\"https:\/\/wearenaturalcasa.com\/fr\/\",\"name\":\"naturalcasa\",\"description\":\"Best confort. Better planet.\",\"publisher\":{\"@id\":\"https:\/\/wearenaturalcasa.com\/fr\/#organization\"},\"potentialAction\":[{\"@type\":\"SearchAction\",\"target\":{\"@type\":\"EntryPoint\",\"urlTemplate\":\"https:\/\/wearenaturalcasa.com\/fr\/?s={search_term_string}\"},\"query-input\":{\"@type\":\"PropertyValueSpecification\",\"valueRequired\":true,\"valueName\":\"search_term_string\"}}],\"inLanguage\":\"fr-FR\"},{\"@type\":\"Organization\",\"@id\":\"https:\/\/wearenaturalcasa.com\/fr\/#organization\",\"name\":\"naturalcasa\",\"url\":\"https:\/\/wearenaturalcasa.com\/fr\/\",\"logo\":{\"@type\":\"ImageObject\",\"inLanguage\":\"fr-FR\",\"@id\":\"https:\/\/wearenaturalcasa.com\/fr\/#\/schema\/logo\/image\/\",\"url\":\"https:\/\/wearenaturalcasa.com\/wp-content\/uploads\/2024\/07\/favicon-naturalcasa.png\",\"contentUrl\":\"https:\/\/wearenaturalcasa.com\/wp-content\/uploads\/2024\/07\/favicon-naturalcasa.png\",\"width\":512,\"height\":512,\"caption\":\"naturalcasa\"},\"image\":{\"@id\":\"https:\/\/wearenaturalcasa.com\/fr\/#\/schema\/logo\/image\/\"},\"sameAs\":[\"https:\/\/www.instagram.com\/wearenaturalcasa\/\"]}]}<\/script>\n<!-- \/ Yoast SEO plugin. -->","yoast_head_json":{"title":"\u00e0 propos de nous - naturalcasa\u00ae","robots":{"index":"index","follow":"follow","max-snippet":"max-snippet:-1","max-image-preview":"max-image-preview:large","max-video-preview":"max-video-preview:-1"},"canonical":"https:\/\/wearenaturalcasa.com\/fr\/a-propos-de-nous\/","og_locale":"fr_FR","og_type":"article","og_title":"\u00e0 propos de nous - naturalcasa\u00ae","og_description":"Notre \u00e9quipe est dirig\u00e9e par trois cadres franco-espagnols ayant plus de 25 ans d\u2019exp\u00e9rience dans l\u2019industrie du sommeil et du retail. Issus de grandes multinationales telles que Beter Bed Holding, Marmota, Lo Monaco et Pikolin, nos fondateurs ont d\u00e9montr\u00e9 une connaissance approfondie du march\u00e9 et une vision strat\u00e9gique ax\u00e9e sur l\u2019innovation et le bien-\u00eatre du [&hellip;]","og_url":"https:\/\/wearenaturalcasa.com\/fr\/a-propos-de-nous\/","og_site_name":"naturalcasa\u00ae","article_modified_time":"2024-10-08T05:42:27+00:00","twitter_card":"summary_large_image","twitter_misc":{"Dur\u00e9e de lecture estim\u00e9e":"1 minute"},"schema":{"@context":"https:\/\/schema.org","@graph":[{"@type":"WebPage","@id":"https:\/\/wearenaturalcasa.com\/fr\/a-propos-de-nous\/","url":"https:\/\/wearenaturalcasa.com\/fr\/a-propos-de-nous\/","name":"\u00e0 propos de nous - naturalcasa\u00ae","isPartOf":{"@id":"https:\/\/wearenaturalcasa.com\/fr\/#website"},"datePublished":"2024-09-13T14:07:13+00:00","dateModified":"2024-10-08T05:42:27+00:00","breadcrumb":{"@id":"https:\/\/wearenaturalcasa.com\/fr\/a-propos-de-nous\/#breadcrumb"},"inLanguage":"fr-FR","potentialAction":[{"@type":"ReadAction","target":["https:\/\/wearenaturalcasa.com\/fr\/a-propos-de-nous\/"]}]},{"@type":"BreadcrumbList","@id":"https:\/\/wearenaturalcasa.com\/fr\/a-propos-de-nous\/#breadcrumb","itemListElement":[{"@type":"ListItem","position":1,"name":"Portada","item":"https:\/\/wearenaturalcasa.com\/fr\/"},{"@type":"ListItem","position":2,"name":"\u00e0 propos de nous"}]},{"@type":"WebSite","@id":"https:\/\/wearenaturalcasa.com\/fr\/#website","url":"https:\/\/wearenaturalcasa.com\/fr\/","name":"naturalcasa","description":"Best confort. Better planet.","publisher":{"@id":"https:\/\/wearenaturalcasa.com\/fr\/#organization"},"potentialAction":[{"@type":"SearchAction","target":{"@type":"EntryPoint","urlTemplate":"https:\/\/wearenaturalcasa.com\/fr\/?s={search_term_string}"},"query-input":{"@type":"PropertyValueSpecification","valueRequired":true,"valueName":"search_term_string"}}],"inLanguage":"fr-FR"},{"@type":"Organization","@id":"https:\/\/wearenaturalcasa.com\/fr\/#organization","name":"naturalcasa","url":"https:\/\/wearenaturalcasa.com\/fr\/","logo":{"@type":"ImageObject","inLanguage":"fr-FR","@id":"https:\/\/wearenaturalcasa.com\/fr\/#\/schema\/logo\/image\/","url":"https:\/\/wearenaturalcasa.com\/wp-content\/uploads\/2024\/07\/favicon-naturalcasa.png","contentUrl":"https:\/\/wearenaturalcasa.com\/wp-content\/uploads\/2024\/07\/favicon-naturalcasa.png","width":512,"height":512,"caption":"naturalcasa"},"image":{"@id":"https:\/\/wearenaturalcasa.com\/fr\/#\/schema\/logo\/image\/"},"sameAs":["https:\/\/www.instagram.com\/wearenaturalcasa\/"]}]}},"_links":{"self":[{"href":"https:\/\/wearenaturalcasa.com\/fr\/wp-json\/wp\/v2\/pages\/1221","targetHints":{"allow":["GET"]}}],"collection":[{"href":"https:\/\/wearenaturalcasa.com\/fr\/wp-json\/wp\/v2\/pages"}],"about":[{"href":"https:\/\/wearenaturalcasa.com\/fr\/wp-json\/wp\/v2\/types\/page"}],"author":[{"embeddable":true,"href":"https:\/\/wearenaturalcasa.com\/fr\/wp-json\/wp\/v2\/users\/1"}],"replies":[{"embeddable":true,"href":"https:\/\/wearenaturalcasa.com\/fr\/wp-json\/wp\/v2\/comments?post=1221"}],"version-history":[{"count":0,"href":"https:\/\/wearenaturalcasa.com\/fr\/wp-json\/wp\/v2\/pages\/1221\/revisions"}],"wp:attachment":[{"href":"https:\/\/wearenaturalcasa.com\/fr\/wp-json\/wp\/v2\/media?parent=1221"}],"curies":[{"name":"wp","href":"https:\/\/api.w.org\/{rel}","templated":true}]}}