{"id":1280,"date":"2024-09-13T14:03:50","date_gmt":"2024-09-13T14:03:50","guid":{"rendered":"https:\/\/wearenaturalcasa.com\/avis-legal\/"},"modified":"2024-10-10T19:19:05","modified_gmt":"2024-10-10T19:19:05","slug":"avis-legal","status":"publish","type":"page","link":"https:\/\/wearenaturalcasa.com\/fr\/avis-legal\/","title":{"rendered":"Avis l\u00e9gal"},"content":{"rendered":"\n<p>Conform\u00e9ment \u00e0 la Loi 34\/2002, mise \u00e0 jour le 09\/05\/2023, relative aux services de la soci\u00e9t\u00e9 de l&rsquo;information et au commerce \u00e9lectronique, ANGLET ECOM &amp; RETAIL SL, ci-apr\u00e8s d\u00e9nomm\u00e9e NC, vous informe qu&rsquo;elle est titulaire des sites web : http:\/\/wearenaturalcasa.com. Conform\u00e9ment \u00e0 l&rsquo;article 10 de ladite loi, les informations suivantes sont communiqu\u00e9es : NIF\/CIF : B67774281, Registre du commerce de GIRONA, Tome : 3350, Folio : 111, Section : 8, Feuille : GI-69014, et si\u00e8ge social \u00e0 RAMBLA JOAQUIM RUYRA, 47, 17300, BLANES (GIRONA). L&rsquo;adresse e-mail de contact de l&rsquo;entreprise est &#13;\n<a href=\"mailto:support@wearenaturalcasa.com\">support@wearenaturalcasa.com<\/a>.<\/p>\n\n<div style=\"height:20px\" aria-hidden=\"true\" class=\"wp-block-spacer\"><\/div>\n\n<h3 class=\"wp-block-heading\">1. UTILISATEUR ET R\u00c9GIME DE RESPONSABILIT\u00c9S<\/h3>\n\n<p>La navigation par acc\u00e8s ou utilisation du site web et de tous les sous-domaines et r\u00e9pertoires inclus sous le m\u00eame domaine, ainsi que les services ou contenus accessibles \u00e0 travers celui-ci, et tous les portails de domaine propre appartenant \u00e0 NC, conf\u00e8re le statut d&rsquo;Utilisateur. En tant que tel, l&rsquo;Utilisateur accepte, en naviguant sur le site web de NC, toutes les conditions d&rsquo;utilisation qui y sont \u00e9tablies, sans pr\u00e9judice de l&rsquo;application de la r\u00e9glementation obligatoire correspondante selon le cas.<\/p>\n\n<p>Ainsi, si les conditions d\u00e9taill\u00e9es dans cet avis l\u00e9gal ne sont pas accept\u00e9es, nous vous demandons de ne pas utiliser le portail, car toute utilisation de celui-ci ou des services et contenus qu&rsquo;il inclut impliquera l&rsquo;acceptation des termes l\u00e9gaux contenus dans ce texte.<\/p>\n\n<p>Le site web de NC fournit une grande diversit\u00e9 d&rsquo;informations, de services et de donn\u00e9es. L&rsquo;utilisateur est responsable de l&rsquo;utilisation correcte du site web. Cette responsabilit\u00e9 s&rsquo;\u00e9tendra \u00e0 : la v\u00e9racit\u00e9 et la l\u00e9galit\u00e9 des informations fournies par l&rsquo;utilisateur dans les formulaires d&rsquo;enregistrement et de contact de NC, pour acc\u00e9der \u00e0 certains contenus ou services propos\u00e9s par le site.<\/p>\n\n<p>L&rsquo;utilisation des informations, services et donn\u00e9es propos\u00e9s par NC ne doit pas aller \u00e0 l&rsquo;encontre des dispositions de ces clauses, de la loi, de la morale, des bonnes m\u0153urs ou de l&rsquo;ordre public, ni porter atteinte aux droits de tiers ou au fonctionnement du site web. \u00c0 cet effet, l&rsquo;Utilisateur s&rsquo;abstiendra d&rsquo;utiliser tout contenu \u00e0 des fins illicites et interdites dans ce texte, portant atteinte aux droits et int\u00e9r\u00eats de tiers, ou susceptibles de nuire, d\u00e9sactiver, surcharger, d\u00e9t\u00e9riorer ou emp\u00eacher l&rsquo;utilisation normale des contenus, des autres utilisateurs ou de tout autre utilisateur d&rsquo;Internet (mat\u00e9riel et logiciel).<\/p>\n\n<p>Les utilisateurs r\u00e9pondront des dommages et int\u00e9r\u00eats de toute nature que la soci\u00e9t\u00e9 propri\u00e9taire du site pourrait subir, directement ou indirectement, \u00e0 la suite du non-respect de l&rsquo;une des obligations d\u00e9coulant de l&rsquo;utilisation du site web et de cette politique de confidentialit\u00e9.<\/p>\n\n<p>En particulier, \u00e0 titre purement indicatif et non exhaustif, l&rsquo;Utilisateur s&rsquo;engage \u00e0 ne pas transmettre, diffuser ou mettre \u00e0 disposition de tiers des informations, donn\u00e9es, contenus, messages, graphiques, dessins, fichiers sonores et\/ou d&rsquo;images, photographies de ce site web.<\/p>\n\n<div style=\"height:20px\" aria-hidden=\"true\" class=\"wp-block-spacer\"><\/div>\n\n<h3 class=\"wp-block-heading\">2. ACC\u00c8S AUX AVIS DES UTILISATEURS:<\/h3>\n\n<p>Conform\u00e9ment au D\u00e9cret l\u00e9gislatif royal 24\/2021 du 2 novembre, modifiant le texte consolid\u00e9 de la Loi g\u00e9n\u00e9rale pour la d\u00e9fense des consommateurs et des utilisateurs, approuv\u00e9 par le D\u00e9cret l\u00e9gislatif royal 1\/2007.<\/p>\n\n<p>Selon l&rsquo;article 20.4, les pratiques commerciales dans lesquelles un entrepreneur web permet l&rsquo;acc\u00e8s aux avis des consommateurs et utilisateurs sur les biens et services doivent contenir des informations sur le fait que l&rsquo;entrepreneur garantit ou non que les avis publi\u00e9s ont \u00e9t\u00e9 r\u00e9dig\u00e9s par des consommateurs et utilisateurs ayant effectivement utilis\u00e9 ou acquis le bien ou service. \u00c0 cet effet, l&rsquo;entrepreneur doit fournir des informations claires aux consommateurs et utilisateurs sur la mani\u00e8re dont les avis sont trait\u00e9s.<\/p>\n\n<p>Les UTILISATEURS ont acc\u00e8s \u00e0 l&rsquo;\u00e9criture d&rsquo;avis sur les activit\u00e9s et services de ce site web via un formulaire explicite \u00e0 cet effet, et en acceptant cette Politique de Confidentialit\u00e9, ils acceptent de partager leurs donn\u00e9es et leur image personnelle.<\/p>\n\n<p>Le contenu publi\u00e9, ainsi que votre nom et votre photo de profil, peuvent \u00e9galement appara\u00eetre sur des sites web tiers utilisant des widgets int\u00e9grables de Google ou l&rsquo;API de Google Maps Platform.<\/p>\n\n<p><strong>Si vous ne souhaitez pas partager votre exp\u00e9rience, vos images, vos vid\u00e9os ou votre localisation, n&rsquo;utilisez pas ce service pour publier du contenu.<\/strong><\/p>\n\n<p><\/p>\n\n<p>Ces clauses ont \u00e9t\u00e9 r\u00e9dig\u00e9es par <a href=\"http:\/\/www.grupoqualia.net\/es\/inicio\"><strong>GRUP QUALIA<\/strong><\/a>, auquel un certificat au format image num\u00e9rique est accord\u00e9 pour \u00eatre affich\u00e9 sur son site web.<\/p>\n\n<p><strong>Mis \u00e0 jou: 04\/06\/2024.<\/strong><\/p>\n\n<div style=\"height:100px\" aria-hidden=\"true\" class=\"wp-block-spacer\"><\/div>\n","protected":false},"excerpt":{"rendered":"<p>Conform\u00e9ment \u00e0 la Loi 34\/2002, mise \u00e0 jour le 09\/05\/2023, relative aux services de la soci\u00e9t\u00e9 de l&rsquo;information et au commerce \u00e9lectronique, ANGLET ECOM &amp; RETAIL SL, ci-apr\u00e8s d\u00e9nomm\u00e9e NC, vous informe qu&rsquo;elle est titulaire des sites web : http:\/\/wearenaturalcasa.com. Conform\u00e9ment \u00e0 l&rsquo;article 10 de ladite loi, les informations suivantes sont communiqu\u00e9es : NIF\/CIF : [&hellip;]<\/p>\n","protected":false},"author":1,"featured_media":0,"parent":0,"menu_order":0,"comment_status":"closed","ping_status":"closed","template":"","meta":{"footnotes":""},"class_list":["post-1280","page","type-page","status-publish","hentry"],"yoast_head":"<!-- This site is optimized with the Yoast SEO plugin v27.1.1 - https:\/\/yoast.com\/product\/yoast-seo-wordpress\/ -->\n<title>Avis l\u00e9gal - naturalcasa\u00ae<\/title>\n<meta name=\"robots\" content=\"index, follow, max-snippet:-1, max-image-preview:large, max-video-preview:-1\" \/>\n<link rel=\"canonical\" href=\"https:\/\/wearenaturalcasa.com\/fr\/avis-legal\/\" \/>\n<meta property=\"og:locale\" content=\"fr_FR\" \/>\n<meta property=\"og:type\" content=\"article\" \/>\n<meta property=\"og:title\" content=\"Avis l\u00e9gal - naturalcasa\u00ae\" \/>\n<meta property=\"og:description\" content=\"Conform\u00e9ment \u00e0 la Loi 34\/2002, mise \u00e0 jour le 09\/05\/2023, relative aux services de la soci\u00e9t\u00e9 de l&rsquo;information et au commerce \u00e9lectronique, ANGLET ECOM &amp; RETAIL SL, ci-apr\u00e8s d\u00e9nomm\u00e9e NC, vous informe qu&rsquo;elle est titulaire des sites web : http:\/\/wearenaturalcasa.com. Conform\u00e9ment \u00e0 l&rsquo;article 10 de ladite loi, les informations suivantes sont communiqu\u00e9es : NIF\/CIF : [&hellip;]\" \/>\n<meta property=\"og:url\" content=\"https:\/\/wearenaturalcasa.com\/fr\/avis-legal\/\" \/>\n<meta property=\"og:site_name\" content=\"naturalcasa\u00ae\" \/>\n<meta property=\"article:modified_time\" content=\"2024-10-10T19:19:05+00:00\" \/>\n<meta name=\"twitter:card\" content=\"summary_large_image\" \/>\n<meta name=\"twitter:label1\" content=\"Dur\u00e9e de lecture estim\u00e9e\" \/>\n\t<meta name=\"twitter:data1\" content=\"4 minutes\" \/>\n<script type=\"application\/ld+json\" class=\"yoast-schema-graph\">{\"@context\":\"https:\/\/schema.org\",\"@graph\":[{\"@type\":\"WebPage\",\"@id\":\"https:\/\/wearenaturalcasa.com\/fr\/avis-legal\/\",\"url\":\"https:\/\/wearenaturalcasa.com\/fr\/avis-legal\/\",\"name\":\"Avis l\u00e9gal - naturalcasa\u00ae\",\"isPartOf\":{\"@id\":\"https:\/\/wearenaturalcasa.com\/fr\/#website\"},\"datePublished\":\"2024-09-13T14:03:50+00:00\",\"dateModified\":\"2024-10-10T19:19:05+00:00\",\"breadcrumb\":{\"@id\":\"https:\/\/wearenaturalcasa.com\/fr\/avis-legal\/#breadcrumb\"},\"inLanguage\":\"fr-FR\",\"potentialAction\":[{\"@type\":\"ReadAction\",\"target\":[\"https:\/\/wearenaturalcasa.com\/fr\/avis-legal\/\"]}]},{\"@type\":\"BreadcrumbList\",\"@id\":\"https:\/\/wearenaturalcasa.com\/fr\/avis-legal\/#breadcrumb\",\"itemListElement\":[{\"@type\":\"ListItem\",\"position\":1,\"name\":\"Portada\",\"item\":\"https:\/\/wearenaturalcasa.com\/fr\/\"},{\"@type\":\"ListItem\",\"position\":2,\"name\":\"Avis l\u00e9gal\"}]},{\"@type\":\"WebSite\",\"@id\":\"https:\/\/wearenaturalcasa.com\/fr\/#website\",\"url\":\"https:\/\/wearenaturalcasa.com\/fr\/\",\"name\":\"naturalcasa\",\"description\":\"Best confort. Better planet.\",\"publisher\":{\"@id\":\"https:\/\/wearenaturalcasa.com\/fr\/#organization\"},\"potentialAction\":[{\"@type\":\"SearchAction\",\"target\":{\"@type\":\"EntryPoint\",\"urlTemplate\":\"https:\/\/wearenaturalcasa.com\/fr\/?s={search_term_string}\"},\"query-input\":{\"@type\":\"PropertyValueSpecification\",\"valueRequired\":true,\"valueName\":\"search_term_string\"}}],\"inLanguage\":\"fr-FR\"},{\"@type\":\"Organization\",\"@id\":\"https:\/\/wearenaturalcasa.com\/fr\/#organization\",\"name\":\"naturalcasa\",\"url\":\"https:\/\/wearenaturalcasa.com\/fr\/\",\"logo\":{\"@type\":\"ImageObject\",\"inLanguage\":\"fr-FR\",\"@id\":\"https:\/\/wearenaturalcasa.com\/fr\/#\/schema\/logo\/image\/\",\"url\":\"https:\/\/wearenaturalcasa.com\/wp-content\/uploads\/2024\/07\/favicon-naturalcasa.png\",\"contentUrl\":\"https:\/\/wearenaturalcasa.com\/wp-content\/uploads\/2024\/07\/favicon-naturalcasa.png\",\"width\":512,\"height\":512,\"caption\":\"naturalcasa\"},\"image\":{\"@id\":\"https:\/\/wearenaturalcasa.com\/fr\/#\/schema\/logo\/image\/\"},\"sameAs\":[\"https:\/\/www.instagram.com\/wearenaturalcasa\/\"]}]}<\/script>\n<!-- \/ Yoast SEO plugin. -->","yoast_head_json":{"title":"Avis l\u00e9gal - naturalcasa\u00ae","robots":{"index":"index","follow":"follow","max-snippet":"max-snippet:-1","max-image-preview":"max-image-preview:large","max-video-preview":"max-video-preview:-1"},"canonical":"https:\/\/wearenaturalcasa.com\/fr\/avis-legal\/","og_locale":"fr_FR","og_type":"article","og_title":"Avis l\u00e9gal - naturalcasa\u00ae","og_description":"Conform\u00e9ment \u00e0 la Loi 34\/2002, mise \u00e0 jour le 09\/05\/2023, relative aux services de la soci\u00e9t\u00e9 de l&rsquo;information et au commerce \u00e9lectronique, ANGLET ECOM &amp; RETAIL SL, ci-apr\u00e8s d\u00e9nomm\u00e9e NC, vous informe qu&rsquo;elle est titulaire des sites web : http:\/\/wearenaturalcasa.com. Conform\u00e9ment \u00e0 l&rsquo;article 10 de ladite loi, les informations suivantes sont communiqu\u00e9es : NIF\/CIF : [&hellip;]","og_url":"https:\/\/wearenaturalcasa.com\/fr\/avis-legal\/","og_site_name":"naturalcasa\u00ae","article_modified_time":"2024-10-10T19:19:05+00:00","twitter_card":"summary_large_image","twitter_misc":{"Dur\u00e9e de lecture estim\u00e9e":"4 minutes"},"schema":{"@context":"https:\/\/schema.org","@graph":[{"@type":"WebPage","@id":"https:\/\/wearenaturalcasa.com\/fr\/avis-legal\/","url":"https:\/\/wearenaturalcasa.com\/fr\/avis-legal\/","name":"Avis l\u00e9gal - naturalcasa\u00ae","isPartOf":{"@id":"https:\/\/wearenaturalcasa.com\/fr\/#website"},"datePublished":"2024-09-13T14:03:50+00:00","dateModified":"2024-10-10T19:19:05+00:00","breadcrumb":{"@id":"https:\/\/wearenaturalcasa.com\/fr\/avis-legal\/#breadcrumb"},"inLanguage":"fr-FR","potentialAction":[{"@type":"ReadAction","target":["https:\/\/wearenaturalcasa.com\/fr\/avis-legal\/"]}]},{"@type":"BreadcrumbList","@id":"https:\/\/wearenaturalcasa.com\/fr\/avis-legal\/#breadcrumb","itemListElement":[{"@type":"ListItem","position":1,"name":"Portada","item":"https:\/\/wearenaturalcasa.com\/fr\/"},{"@type":"ListItem","position":2,"name":"Avis l\u00e9gal"}]},{"@type":"WebSite","@id":"https:\/\/wearenaturalcasa.com\/fr\/#website","url":"https:\/\/wearenaturalcasa.com\/fr\/","name":"naturalcasa","description":"Best confort. Better planet.","publisher":{"@id":"https:\/\/wearenaturalcasa.com\/fr\/#organization"},"potentialAction":[{"@type":"SearchAction","target":{"@type":"EntryPoint","urlTemplate":"https:\/\/wearenaturalcasa.com\/fr\/?s={search_term_string}"},"query-input":{"@type":"PropertyValueSpecification","valueRequired":true,"valueName":"search_term_string"}}],"inLanguage":"fr-FR"},{"@type":"Organization","@id":"https:\/\/wearenaturalcasa.com\/fr\/#organization","name":"naturalcasa","url":"https:\/\/wearenaturalcasa.com\/fr\/","logo":{"@type":"ImageObject","inLanguage":"fr-FR","@id":"https:\/\/wearenaturalcasa.com\/fr\/#\/schema\/logo\/image\/","url":"https:\/\/wearenaturalcasa.com\/wp-content\/uploads\/2024\/07\/favicon-naturalcasa.png","contentUrl":"https:\/\/wearenaturalcasa.com\/wp-content\/uploads\/2024\/07\/favicon-naturalcasa.png","width":512,"height":512,"caption":"naturalcasa"},"image":{"@id":"https:\/\/wearenaturalcasa.com\/fr\/#\/schema\/logo\/image\/"},"sameAs":["https:\/\/www.instagram.com\/wearenaturalcasa\/"]}]}},"_links":{"self":[{"href":"https:\/\/wearenaturalcasa.com\/fr\/wp-json\/wp\/v2\/pages\/1280","targetHints":{"allow":["GET"]}}],"collection":[{"href":"https:\/\/wearenaturalcasa.com\/fr\/wp-json\/wp\/v2\/pages"}],"about":[{"href":"https:\/\/wearenaturalcasa.com\/fr\/wp-json\/wp\/v2\/types\/page"}],"author":[{"embeddable":true,"href":"https:\/\/wearenaturalcasa.com\/fr\/wp-json\/wp\/v2\/users\/1"}],"replies":[{"embeddable":true,"href":"https:\/\/wearenaturalcasa.com\/fr\/wp-json\/wp\/v2\/comments?post=1280"}],"version-history":[{"count":0,"href":"https:\/\/wearenaturalcasa.com\/fr\/wp-json\/wp\/v2\/pages\/1280\/revisions"}],"wp:attachment":[{"href":"https:\/\/wearenaturalcasa.com\/fr\/wp-json\/wp\/v2\/media?parent=1280"}],"curies":[{"name":"wp","href":"https:\/\/api.w.org\/{rel}","templated":true}]}}