{"id":1282,"date":"2024-07-30T07:18:13","date_gmt":"2024-07-30T07:18:13","guid":{"rendered":"https:\/\/wearenaturalcasa.com\/confidentialite\/"},"modified":"2024-10-10T19:31:46","modified_gmt":"2024-10-10T19:31:46","slug":"confidentialite","status":"publish","type":"page","link":"https:\/\/wearenaturalcasa.com\/fr\/confidentialite\/","title":{"rendered":"Confidentialit\u00e9"},"content":{"rendered":"\n<h2 class=\"wp-block-heading\"><strong>POLITIQUE DE CONFIDENTIALIT\u00c9<\/strong><\/h2>\n\n<div style=\"height:10px\" aria-hidden=\"true\" class=\"wp-block-spacer\"><\/div>\n\n<h3 class=\"wp-block-heading\"><strong>1. POLITIQUE DE LIENS ET EXON\u00c9RATIONS DE RESPONSABILIT\u00c9<\/strong><\/h3>\n\n<p>NC ne se porte pas responsable du contenu des pages web auxquelles l&rsquo;utilisateur peut acc\u00e9der via les liens \u00e9tablis sur ses sites web, et d\u00e9clare qu&rsquo;en aucun cas, elle n&rsquo;examinera ni n&rsquo;exercera de contr\u00f4le sur le contenu des autres pages du r\u00e9seau.<\/p>\n\n<p>De m\u00eame, NC ne garantit pas la disponibilit\u00e9 technique, l&rsquo;exactitude, la v\u00e9racit\u00e9, la validit\u00e9 ou la l\u00e9galit\u00e9 des pages externes \u00e0 sa propri\u00e9t\u00e9 auxquelles il est possible d&rsquo;acc\u00e9der via les liens pr\u00e9sents sur ce site web.<\/p>\n\n<p>NC d\u00e9clare avoir pris toutes les mesures n\u00e9cessaires pour \u00e9viter tout dommage pouvant d\u00e9couler de la navigation sur son site web. En cons\u00e9quence, NC ne sera en aucun cas responsable des dommages que l&rsquo;utilisateur pourrait subir en naviguant sur Internet.<\/p>\n\n<p>NC ne se tient pas responsable des dommages ou pr\u00e9judices de toute nature caus\u00e9s \u00e0 l&rsquo;utilisateur suite \u00e0 des pannes ou des d\u00e9connexions des r\u00e9seaux de t\u00e9l\u00e9communications qui entra\u00eeneraient la suspension, l&rsquo;annulation, l&rsquo;installation ou l&rsquo;interruption du service web, que ce soit pendant la prestation du service ou auparavant.<\/p>\n\n<p>L&rsquo;acc\u00e8s au site web <strong>http:\/\/wearenaturalcasa.com<\/strong> n&rsquo;implique pas l&rsquo;obligation pour l&rsquo;entit\u00e9 de contr\u00f4ler l&rsquo;absence de virus ou de tout autre \u00e9l\u00e9ment informatique nuisible. Il appartient \u00e0 l&rsquo;utilisateur d&rsquo;avoir \u00e0 sa disposition des outils appropri\u00e9s pour la d\u00e9tection, la d\u00e9sinfection et la protection de ses \u00e9quipements contre les programmes malveillants.<\/p>\n\n<p>NC ne se tient pas responsable des dommages subis par les \u00e9quipements informatiques, documents et\/ou fichiers des utilisateurs ou des tiers pendant la prestation du service via ce portail web.<\/p>\n\n<div style=\"height:10px\" aria-hidden=\"true\" class=\"wp-block-spacer\"><\/div>\n\n<h3 class=\"wp-block-heading\">2. PUBLICIT\u00c9<\/h3>\n\n<p>Le site web <strong>http:\/\/wearenaturalcasa.com<\/strong> peut h\u00e9berger des contenus publicitaires ou sponsoris\u00e9s. Les annonceurs ou sponsors sont les seuls responsables de s&rsquo;assurer que le mat\u00e9riel soumis pour inclusion sur le site est conforme aux lois applicables.<\/p>\n\n<p>NC ne sera pas responsable des erreurs, inexactitudes ou irr\u00e9gularit\u00e9s que pourraient contenir les contenus publicitaires ou ceux des sponsors sur ce site web.<\/p>\n\n<div style=\"height:10px\" aria-hidden=\"true\" class=\"wp-block-spacer\"><\/div>\n\n<h3 class=\"wp-block-heading\">3. MODIFICATIONS<\/h3>\n\n<p><strong>NC<\/strong> se r\u00e9serve le droit d&rsquo;apporter les modifications qu&rsquo;elle juge opportunes, sans pr\u00e9avis, au contenu de son site web, que ce soit sur les contenus, les conditions d&rsquo;utilisation ou les conditions g\u00e9n\u00e9rales de contrat. Ces modifications pourront \u00eatre faites \u00e0 travers ses sites web, de toute mani\u00e8re l\u00e9gale, et seront d&rsquo;application obligatoire tant qu&rsquo;elles resteront publi\u00e9es sur le web, jusqu&rsquo;\u00e0 ce qu&rsquo;elles soient modifi\u00e9es par des suivantes.<\/p>\n\n<div style=\"height:10px\" aria-hidden=\"true\" class=\"wp-block-spacer\"><\/div>\n\n<h3 class=\"wp-block-heading\">4. PROPRI\u00c9T\u00c9 INTELLECTUELLE<\/h3>\n\n<p>Les droits de propri\u00e9t\u00e9 intellectuelle et industrielle d\u00e9riv\u00e9s de tous les textes, images, ainsi que des moyens et formes de pr\u00e9sentation et de montage de ses pages appartiennent, en propre ou en tant que cessionnaire, \u00e0 NC.<\/p>\n\n<p>Ces \u0153uvres sont donc prot\u00e9g\u00e9es par les droits de propri\u00e9t\u00e9 intellectuelle conform\u00e9ment \u00e0 la l\u00e9gislation espagnole, et la r\u00e9glementation espagnole et communautaire, ainsi que les trait\u00e9s internationaux applicables en la mati\u00e8re et sign\u00e9s par l&rsquo;Espagne, seront appliqu\u00e9s. R\u00e9f\u00e9rence : D\u00e9cret royal l\u00e9gislatif 1\/1996, derni\u00e8re mise \u00e0 jour le 30\/03\/2023. <\/p>\n\n<p>Et Directive UE-2019\/790 du Parlement Europ\u00e9en et du Conseil du 17 avril 2019 sur le droit d&rsquo;auteur et les droits voisins dans le march\u00e9 unique num\u00e9rique.<\/p>\n\n<p>Tous les droits sont r\u00e9serv\u00e9s. En vertu de la loi sur la propri\u00e9t\u00e9 intellectuelle, la reproduction, distribution, communication publique et utilisation de tout ou partie des contenus des pages web sans le consentement explicite de NC sont express\u00e9ment interdites.<\/p>\n\n<p>De m\u00eame, NC se r\u00e9serve le droit d&rsquo;intenter les actions civiles ou p\u00e9nales jug\u00e9es opportunes pour l&rsquo;utilisation inappropri\u00e9e de ses pages web et de leurs contenus, ou pour la violation de ces conditions.<\/p>\n\n<div style=\"height:10px\" aria-hidden=\"true\" class=\"wp-block-spacer\"><\/div>\n\n<h3 class=\"wp-block-heading\">5. ACTIONS L\u00c9GALES, L\u00c9GISLATION APPLICABLE ET JURIDICTION<\/h3>\n\n<p>La relation entre les utilisateurs et NC sera r\u00e9gie par la l\u00e9gislation espagnole en vigueur, et les tribunaux comp\u00e9tents pour r\u00e9soudre tout litige qui pourrait survenir entre l&rsquo;utilisateur et NC seront ceux du ressort judiciaire de la ville de BLANES.<\/p>\n\n<div style=\"height:10px\" aria-hidden=\"true\" class=\"wp-block-spacer\"><\/div>\n\n<h3 class=\"wp-block-heading\">6. UTILISATION DES COOKIES<\/h3>\n\n<p>NC utilise des cookies et d&rsquo;autres technologies similaires qui stockent et r\u00e9cup\u00e8rent des informations lors de votre navigation. Ces technologies peuvent \u00eatre utilis\u00e9es \u00e0 des fins diverses, comme reconna\u00eetre un utilisateur et obtenir des informations sur ses habitudes de navigation. Les usages sp\u00e9cifiques que nous faisons de ces technologies sont d\u00e9crits dans la Politique relative aux cookies. Conform\u00e9ment \u00e0 la politique de protection des donn\u00e9es de l&rsquo;entit\u00e9, NC informe que les cookies sont associ\u00e9es \u00e0 l&rsquo;utilisateur anonyme et \u00e0 son ordinateur et ne fournissent pas, par elles-m\u00eames, les donn\u00e9es personnelles de l&rsquo;utilisateur.<\/p>\n\n<p>Les informations de notre politique de cookies informent l&rsquo;utilisateur de la dur\u00e9e d&rsquo;activit\u00e9 de ces cookies sur son terminal et de la possibilit\u00e9 pour des tiers d&rsquo;acc\u00e9der aux informations qu&rsquo;elles stockent. Pour cette raison, l&rsquo;article 5, paragraphe 3, de la Directive 2002\/58 a \u00e9t\u00e9 modifi\u00e9 par la Directive 2009\/136, et d\u00e9sormais par le Guide de l&rsquo;AEPD.<\/p>\n\n<p>Le dernier guide sur l&rsquo;utilisation des cookies de l&rsquo;AEPD, dat\u00e9 de juillet 2023, qui int\u00e8gre les crit\u00e8res du Comit\u00e9 Europ\u00e9en de la Protection des Donn\u00e9es (CEPD), pr\u00e9cise que les actions d&rsquo;acceptation ou de rejet des cookies doivent \u00eatre plac\u00e9es sur un pied d&rsquo;\u00e9galit\u00e9, sans que le rejet soit plus complexe que l&rsquo;acceptation. L&rsquo;utilisateur a la possibilit\u00e9 d&rsquo;accepter ou de refuser explicitement l&rsquo;utilisation des cookies et de recevoir plus d&rsquo;informations \u00e0 leur sujet. En outre, l&rsquo;utilisateur peut configurer son navigateur pour \u00eatre inform\u00e9 de la r\u00e9ception des cookies et, s&rsquo;il le souhaite, emp\u00eacher leur installation sur son disque dur.<\/p>\n\n<div style=\"height:10px\" aria-hidden=\"true\" class=\"wp-block-spacer\"><\/div>\n\n<h3 class=\"wp-block-heading\">7. POLITIQUE DE CONFIDENTIALIT\u00c9<\/h3>\n\n<p>Conform\u00e9ment \u00e0 ce qui est \u00e9tabli par le RGPD-UE-2016\/679, la LOPD 3\/2018, relative \u00e0 la Garantie des Droits Num\u00e9riques, la Loi 34\/2002, derni\u00e8re mise \u00e0 jour le 09\/05\/2023, relative aux services de la soci\u00e9t\u00e9 de l&rsquo;information et au commerce \u00e9lectronique, et la Loi g\u00e9n\u00e9rale des t\u00e9l\u00e9communications 11\/2022, NC informe les utilisateurs de ses sites web qu&rsquo;elle est tenue de respecter le secret professionnel concernant les donn\u00e9es personnelles recueillies via les formulaires d&rsquo;inscription ou de contact sur ses pages. Cette obligation perdurera m\u00eame apr\u00e8s la fin de notre relation commerciale ou contractuelle, et en aucun cas, nous ne pourrons rendre publiques les donn\u00e9es personnelles des visiteurs et des clients du site sans leur<\/p>\n\n<p><strong>Consentement des int\u00e9ress\u00e9s:<\/strong> Conform\u00e9ment \u00e0 l&rsquo;article 21 de la Loi 34\/2002 relative aux services de la soci\u00e9t\u00e9 de l&rsquo;information et du commerce \u00e9lectronique, et aux articles 5, 6, 7 et 13 du RGPD-UE-2016\/679, nous sollicitons votre consentement pour pouvoir effectuer des communications publicitaires ou des informations de notre entit\u00e9 susceptibles de vous int\u00e9resser, par courrier \u00e9lectronique ou tout autre moyen de communication \u00e9lectronique \u00e9quivalent. Ce consentement sera donn\u00e9 ou non, par l&rsquo;acceptation de la Politique de Confidentialit\u00e9 via la case \u00e0 cocher figurant au bas du formulaire d&rsquo;inscription ou de contact.<\/p>\n\n<p><strong>Consentement des mineurs:<\/strong> Selon l&rsquo;article 6, paragraphe f, et l&rsquo;article 8, paragraphe 1, du RGPD-UE-2016\/679, et l&rsquo;article 84 de la LOPD-3\/2018 relative \u00e0 la protection des mineurs sur Internet, il est pr\u00e9cis\u00e9 que lorsque la personne concern\u00e9e est un mineur de moins de 16 ans, elle ne peut pas donner son consentement pour qu&rsquo;un commerce en ligne collecte ses donn\u00e9es personnelles. Ce traitement ne sera licite que si le consentement est donn\u00e9 ou autoris\u00e9 par le titulaire de l&rsquo;autorit\u00e9 parentale ou de la tutelle sur le mineur. L&rsquo;entit\u00e9 devra pr\u00e9voir des moyens pour obtenir le consentement explicite des parents ou tuteurs, par exemple, via un e-mail contenant un lien vers un formulaire \u00e9lectronique, sauf si le mineur a au moins 16 ans.<\/p>\n\n<p>Ces donn\u00e9es seront introduites dans un fichier automatis\u00e9 sous la responsabilit\u00e9 de l&rsquo;administrateur du site web de NC, dans le but de faciliter, d&rsquo;acc\u00e9l\u00e9rer et de remplir les engagements pris entre les deux parties.<\/p>\n\n<p>En outre, NC informe de la possibilit\u00e9 d&rsquo;exercer les droits d&rsquo;acc\u00e8s, qui permettent \u00e0 l&rsquo;utilisateur du site web de conna\u00eetre les donn\u00e9es personnelles d\u00e9tenues par l&rsquo;administrateur de cette page. L&rsquo;administrateur doit r\u00e9pondre dans un d\u00e9lai de 30 jours, tant que les donn\u00e9es personnelles sont conserv\u00e9es. L&rsquo;utilisateur peut \u00e9galement exercer les droits de rectification, pour corriger les erreurs dans les donn\u00e9es personnelles, modifier celles qui sont inexactes ou incompl\u00e8tes et garantir l&rsquo;exactitude des informations ; le droit d&rsquo;opposition, qui permet \u00e0 l&rsquo;utilisateur de demander que le traitement de ses donn\u00e9es soit suspendu ; le droit de suppression, pour faire supprimer les donn\u00e9es inappropri\u00e9es ou excessives ; le droit de limitation, pour limiter le traitement de ses donn\u00e9es lorsqu&rsquo;il a exerc\u00e9 son droit de rectification ; et le droit \u00e0 la portabilit\u00e9, permettant \u00e0 l&rsquo;utilisateur d&rsquo;obtenir une copie de ses donn\u00e9es personnelles afin de les transmettre \u00e0 d&rsquo;autres services. Ces droits peuvent \u00eatre exerc\u00e9s par tout moyen permettant de prouver l&rsquo;envoi et la r\u00e9ception de la demande \u00e0 l&rsquo;adresse de l&rsquo;administrateur de ce site web ou par e-mail \u00e0 l&rsquo;adresse suivante : support@wearenaturalcasa.com, en joignant une photocopie de la carte d&rsquo;identit\u00e9 ou tout autre document prouvant son identit\u00e9. Les int\u00e9ress\u00e9s peuvent d\u00e9poser une r\u00e9clamation aupr\u00e8s de l&rsquo;Autorit\u00e9 de contr\u00f4le, AEPD, ACPD et AVPD.<\/p>\n\n<p>L&rsquo;envoi de vos donn\u00e9es via les formulaires de notre site web est obligatoirement subordonn\u00e9 \u00e0 la lecture et \u00e0 l&rsquo;acceptation de la Politique de Confidentialit\u00e9, via une case \u00e0 cocher obligatoire au bas du formulaire d&rsquo;inscription ou de contact.<\/p>\n\n<p>Ces clauses ont \u00e9t\u00e9 r\u00e9dig\u00e9es par <a href=\"http:\/\/www.grupoqualia.net\/es\/inicio\"><strong>GRUP QUALIA<\/strong><\/a>, et un certificat au format num\u00e9rique est d\u00e9livr\u00e9 pour qu&rsquo;il puisse \u00eatre affich\u00e9 sur votre site web.<\/p>\n\n<p><strong>Derni\u00e8re mise \u00e0 jour: 04\/06\/2024<\/strong><\/p>\n","protected":false},"excerpt":{"rendered":"<p>POLITIQUE DE CONFIDENTIALIT\u00c9 1. POLITIQUE DE LIENS ET EXON\u00c9RATIONS DE RESPONSABILIT\u00c9 NC ne se porte pas responsable du contenu des pages web auxquelles l&rsquo;utilisateur peut acc\u00e9der via les liens \u00e9tablis sur ses sites web, et d\u00e9clare qu&rsquo;en aucun cas, elle n&rsquo;examinera ni n&rsquo;exercera de contr\u00f4le sur le contenu des autres pages du r\u00e9seau. De m\u00eame, [&hellip;]<\/p>\n","protected":false},"author":1,"featured_media":0,"parent":0,"menu_order":0,"comment_status":"closed","ping_status":"open","template":"","meta":{"footnotes":""},"class_list":["post-1282","page","type-page","status-publish","hentry"],"yoast_head":"<!-- This site is optimized with the Yoast SEO plugin v27.1.1 - https:\/\/yoast.com\/product\/yoast-seo-wordpress\/ -->\n<title>Confidentialit\u00e9 - naturalcasa\u00ae<\/title>\n<meta name=\"robots\" content=\"index, follow, max-snippet:-1, max-image-preview:large, max-video-preview:-1\" \/>\n<link rel=\"canonical\" href=\"https:\/\/wearenaturalcasa.com\/fr\/confidentialite\/\" \/>\n<meta property=\"og:locale\" content=\"fr_FR\" \/>\n<meta property=\"og:type\" content=\"article\" \/>\n<meta property=\"og:title\" content=\"Confidentialit\u00e9 - naturalcasa\u00ae\" \/>\n<meta property=\"og:description\" content=\"POLITIQUE DE CONFIDENTIALIT\u00c9 1. POLITIQUE DE LIENS ET EXON\u00c9RATIONS DE RESPONSABILIT\u00c9 NC ne se porte pas responsable du contenu des pages web auxquelles l&rsquo;utilisateur peut acc\u00e9der via les liens \u00e9tablis sur ses sites web, et d\u00e9clare qu&rsquo;en aucun cas, elle n&rsquo;examinera ni n&rsquo;exercera de contr\u00f4le sur le contenu des autres pages du r\u00e9seau. De m\u00eame, [&hellip;]\" \/>\n<meta property=\"og:url\" content=\"https:\/\/wearenaturalcasa.com\/fr\/confidentialite\/\" \/>\n<meta property=\"og:site_name\" content=\"naturalcasa\u00ae\" \/>\n<meta property=\"article:modified_time\" content=\"2024-10-10T19:31:46+00:00\" \/>\n<meta name=\"twitter:card\" content=\"summary_large_image\" \/>\n<meta name=\"twitter:label1\" content=\"Dur\u00e9e de lecture estim\u00e9e\" \/>\n\t<meta name=\"twitter:data1\" content=\"8 minutes\" \/>\n<script type=\"application\/ld+json\" class=\"yoast-schema-graph\">{\"@context\":\"https:\/\/schema.org\",\"@graph\":[{\"@type\":\"WebPage\",\"@id\":\"https:\/\/wearenaturalcasa.com\/fr\/confidentialite\/\",\"url\":\"https:\/\/wearenaturalcasa.com\/fr\/confidentialite\/\",\"name\":\"Confidentialit\u00e9 - naturalcasa\u00ae\",\"isPartOf\":{\"@id\":\"https:\/\/wearenaturalcasa.com\/fr\/#website\"},\"datePublished\":\"2024-07-30T07:18:13+00:00\",\"dateModified\":\"2024-10-10T19:31:46+00:00\",\"breadcrumb\":{\"@id\":\"https:\/\/wearenaturalcasa.com\/fr\/confidentialite\/#breadcrumb\"},\"inLanguage\":\"fr-FR\",\"potentialAction\":[{\"@type\":\"ReadAction\",\"target\":[\"https:\/\/wearenaturalcasa.com\/fr\/confidentialite\/\"]}]},{\"@type\":\"BreadcrumbList\",\"@id\":\"https:\/\/wearenaturalcasa.com\/fr\/confidentialite\/#breadcrumb\",\"itemListElement\":[{\"@type\":\"ListItem\",\"position\":1,\"name\":\"Portada\",\"item\":\"https:\/\/wearenaturalcasa.com\/fr\/\"},{\"@type\":\"ListItem\",\"position\":2,\"name\":\"Confidentialit\u00e9\"}]},{\"@type\":\"WebSite\",\"@id\":\"https:\/\/wearenaturalcasa.com\/fr\/#website\",\"url\":\"https:\/\/wearenaturalcasa.com\/fr\/\",\"name\":\"naturalcasa\",\"description\":\"Best confort. Better planet.\",\"publisher\":{\"@id\":\"https:\/\/wearenaturalcasa.com\/fr\/#organization\"},\"potentialAction\":[{\"@type\":\"SearchAction\",\"target\":{\"@type\":\"EntryPoint\",\"urlTemplate\":\"https:\/\/wearenaturalcasa.com\/fr\/?s={search_term_string}\"},\"query-input\":{\"@type\":\"PropertyValueSpecification\",\"valueRequired\":true,\"valueName\":\"search_term_string\"}}],\"inLanguage\":\"fr-FR\"},{\"@type\":\"Organization\",\"@id\":\"https:\/\/wearenaturalcasa.com\/fr\/#organization\",\"name\":\"naturalcasa\",\"url\":\"https:\/\/wearenaturalcasa.com\/fr\/\",\"logo\":{\"@type\":\"ImageObject\",\"inLanguage\":\"fr-FR\",\"@id\":\"https:\/\/wearenaturalcasa.com\/fr\/#\/schema\/logo\/image\/\",\"url\":\"https:\/\/wearenaturalcasa.com\/wp-content\/uploads\/2024\/07\/favicon-naturalcasa.png\",\"contentUrl\":\"https:\/\/wearenaturalcasa.com\/wp-content\/uploads\/2024\/07\/favicon-naturalcasa.png\",\"width\":512,\"height\":512,\"caption\":\"naturalcasa\"},\"image\":{\"@id\":\"https:\/\/wearenaturalcasa.com\/fr\/#\/schema\/logo\/image\/\"},\"sameAs\":[\"https:\/\/www.instagram.com\/wearenaturalcasa\/\"]}]}<\/script>\n<!-- \/ Yoast SEO plugin. -->","yoast_head_json":{"title":"Confidentialit\u00e9 - naturalcasa\u00ae","robots":{"index":"index","follow":"follow","max-snippet":"max-snippet:-1","max-image-preview":"max-image-preview:large","max-video-preview":"max-video-preview:-1"},"canonical":"https:\/\/wearenaturalcasa.com\/fr\/confidentialite\/","og_locale":"fr_FR","og_type":"article","og_title":"Confidentialit\u00e9 - naturalcasa\u00ae","og_description":"POLITIQUE DE CONFIDENTIALIT\u00c9 1. POLITIQUE DE LIENS ET EXON\u00c9RATIONS DE RESPONSABILIT\u00c9 NC ne se porte pas responsable du contenu des pages web auxquelles l&rsquo;utilisateur peut acc\u00e9der via les liens \u00e9tablis sur ses sites web, et d\u00e9clare qu&rsquo;en aucun cas, elle n&rsquo;examinera ni n&rsquo;exercera de contr\u00f4le sur le contenu des autres pages du r\u00e9seau. De m\u00eame, [&hellip;]","og_url":"https:\/\/wearenaturalcasa.com\/fr\/confidentialite\/","og_site_name":"naturalcasa\u00ae","article_modified_time":"2024-10-10T19:31:46+00:00","twitter_card":"summary_large_image","twitter_misc":{"Dur\u00e9e de lecture estim\u00e9e":"8 minutes"},"schema":{"@context":"https:\/\/schema.org","@graph":[{"@type":"WebPage","@id":"https:\/\/wearenaturalcasa.com\/fr\/confidentialite\/","url":"https:\/\/wearenaturalcasa.com\/fr\/confidentialite\/","name":"Confidentialit\u00e9 - naturalcasa\u00ae","isPartOf":{"@id":"https:\/\/wearenaturalcasa.com\/fr\/#website"},"datePublished":"2024-07-30T07:18:13+00:00","dateModified":"2024-10-10T19:31:46+00:00","breadcrumb":{"@id":"https:\/\/wearenaturalcasa.com\/fr\/confidentialite\/#breadcrumb"},"inLanguage":"fr-FR","potentialAction":[{"@type":"ReadAction","target":["https:\/\/wearenaturalcasa.com\/fr\/confidentialite\/"]}]},{"@type":"BreadcrumbList","@id":"https:\/\/wearenaturalcasa.com\/fr\/confidentialite\/#breadcrumb","itemListElement":[{"@type":"ListItem","position":1,"name":"Portada","item":"https:\/\/wearenaturalcasa.com\/fr\/"},{"@type":"ListItem","position":2,"name":"Confidentialit\u00e9"}]},{"@type":"WebSite","@id":"https:\/\/wearenaturalcasa.com\/fr\/#website","url":"https:\/\/wearenaturalcasa.com\/fr\/","name":"naturalcasa","description":"Best confort. Better planet.","publisher":{"@id":"https:\/\/wearenaturalcasa.com\/fr\/#organization"},"potentialAction":[{"@type":"SearchAction","target":{"@type":"EntryPoint","urlTemplate":"https:\/\/wearenaturalcasa.com\/fr\/?s={search_term_string}"},"query-input":{"@type":"PropertyValueSpecification","valueRequired":true,"valueName":"search_term_string"}}],"inLanguage":"fr-FR"},{"@type":"Organization","@id":"https:\/\/wearenaturalcasa.com\/fr\/#organization","name":"naturalcasa","url":"https:\/\/wearenaturalcasa.com\/fr\/","logo":{"@type":"ImageObject","inLanguage":"fr-FR","@id":"https:\/\/wearenaturalcasa.com\/fr\/#\/schema\/logo\/image\/","url":"https:\/\/wearenaturalcasa.com\/wp-content\/uploads\/2024\/07\/favicon-naturalcasa.png","contentUrl":"https:\/\/wearenaturalcasa.com\/wp-content\/uploads\/2024\/07\/favicon-naturalcasa.png","width":512,"height":512,"caption":"naturalcasa"},"image":{"@id":"https:\/\/wearenaturalcasa.com\/fr\/#\/schema\/logo\/image\/"},"sameAs":["https:\/\/www.instagram.com\/wearenaturalcasa\/"]}]}},"_links":{"self":[{"href":"https:\/\/wearenaturalcasa.com\/fr\/wp-json\/wp\/v2\/pages\/1282","targetHints":{"allow":["GET"]}}],"collection":[{"href":"https:\/\/wearenaturalcasa.com\/fr\/wp-json\/wp\/v2\/pages"}],"about":[{"href":"https:\/\/wearenaturalcasa.com\/fr\/wp-json\/wp\/v2\/types\/page"}],"author":[{"embeddable":true,"href":"https:\/\/wearenaturalcasa.com\/fr\/wp-json\/wp\/v2\/users\/1"}],"replies":[{"embeddable":true,"href":"https:\/\/wearenaturalcasa.com\/fr\/wp-json\/wp\/v2\/comments?post=1282"}],"version-history":[{"count":0,"href":"https:\/\/wearenaturalcasa.com\/fr\/wp-json\/wp\/v2\/pages\/1282\/revisions"}],"wp:attachment":[{"href":"https:\/\/wearenaturalcasa.com\/fr\/wp-json\/wp\/v2\/media?parent=1282"}],"curies":[{"name":"wp","href":"https:\/\/api.w.org\/{rel}","templated":true}]}}