{"id":1284,"date":"2024-09-13T14:04:23","date_gmt":"2024-09-13T14:04:23","guid":{"rendered":"https:\/\/wearenaturalcasa.com\/politique-relative-aux-cookies\/"},"modified":"2024-10-10T20:13:17","modified_gmt":"2024-10-10T20:13:17","slug":"politique-relative-aux-cookies","status":"publish","type":"page","link":"https:\/\/wearenaturalcasa.com\/fr\/politique-relative-aux-cookies\/","title":{"rendered":"Politique relative aux cookies"},"content":{"rendered":"\n<h2 class=\"wp-block-heading\"><strong>QU&rsquo;EST-CE QU&rsquo;UNE COOKIE ?<\/strong><\/h2>\n\n<p>Les cookies sont de petits fichiers de donn\u00e9es envoy\u00e9s au terminal de l&rsquo;utilisateur depuis le site visit\u00e9. Ils enregistrent certaines interactions de navigation sur un site en stockant des informations qui peuvent \u00eatre mises \u00e0 jour et r\u00e9cup\u00e9r\u00e9es. Ces fichiers sont enregistr\u00e9s sur l&rsquo;appareil de l&rsquo;utilisateur et contiennent des donn\u00e9es anonymes qui ne nuisent pas \u00e0 l&rsquo;appareil. Ils permettent de m\u00e9moriser les pr\u00e9f\u00e9rences de l&rsquo;utilisateur, comme la langue choisie, les donn\u00e9es de connexion ou la personnalisation du site web ou de l&rsquo;application.<\/p>\n\n<p>Les cookies sont de petits fichiers de donn\u00e9es envoy\u00e9s au terminal de l&rsquo;utilisateur depuis le site visit\u00e9. Ils enregistrent certaines interactions de navigation sur un site en stockant des informations qui peuvent \u00eatre mises \u00e0 jour et r\u00e9cup\u00e9r\u00e9es. Ces fichiers sont enregistr\u00e9s sur l&rsquo;appareil de l&rsquo;utilisateur et contiennent des donn\u00e9es anonymes qui ne nuisent pas \u00e0 l&rsquo;appareil. Ils permettent de m\u00e9moriser les pr\u00e9f\u00e9rences de l&rsquo;utilisateur, comme la langue choisie, les donn\u00e9es de connexion ou la personnalisation du site web ou de l&rsquo;application.<\/p>\n\n<p>Les cookies peuvent \u00e9galement enregistrer des informations anonymes sur la mani\u00e8re dont un visiteur utilise un site, comme par exemple depuis quelle page web\/application il a acc\u00e9d\u00e9, ou s&rsquo;il a utilis\u00e9 une banni\u00e8re publicitaire pour y arriver.<\/p>\n\n<p>Les services de la soci\u00e9t\u00e9 de l&rsquo;information peuvent \u00eatre fournis par l&rsquo;\u00e9diteur via une plateforme, une application ou un site web\/app auquel l&rsquo;utilisateur acc\u00e8de depuis son terminal.<\/p>\n\n<div style=\"height:10px\" aria-hidden=\"true\" class=\"wp-block-spacer\"><\/div>\n\n<h3 class=\"wp-block-heading\">1. POURQUOI UTILISONS-NOUS DES COOKIES ?<\/h3>\n\n<p>Nous utilisons des cookies propres et de tiers pour analyser l&rsquo;utilisation du site web et afficher des publicit\u00e9s en fonction des pr\u00e9f\u00e9rences bas\u00e9es sur le profil de navigation de l&rsquo;utilisateur.<\/p>\n\n<p>Les cookies sont de petits fichiers de donn\u00e9es envoy\u00e9s au terminal de l&rsquo;utilisateur depuis le site visit\u00e9. Ils enregistrent certaines interactions de navigation sur un site en stockant des informations qui peuvent \u00eatre mises \u00e0 jour et r\u00e9cup\u00e9r\u00e9es. Ces fichiers sont enregistr\u00e9s sur l&rsquo;appareil de l&rsquo;utilisateur et contiennent des donn\u00e9es anonymes qui ne nuisent pas \u00e0 l&rsquo;appareil. Ils permettent de m\u00e9moriser les pr\u00e9f\u00e9rences de l&rsquo;utilisateur, comme la langue choisie, les donn\u00e9es de connexion ou la personnalisation du site web ou de l&rsquo;application.<\/p>\n\n<p>\u2022 <strong>Cookie de Google,<\/strong> ANALYTICS: Google ANALYTICS es un servicio gratuito que ofrece Google Inc. y que recoge informaci\u00f3n sobre las p\u00e1ginas de la web consultada, a qu\u00e9 hora, qu\u00e9 navegador Web, etc. Posteriormente, esta informaci\u00f3n se env\u00eda a los servidores de Google Inc.<\/p>\n\n<div style=\"height:10px\" aria-hidden=\"true\" class=\"wp-block-spacer\"><\/div>\n\n<h3 class=\"wp-block-heading\">2. \u00c0 QUOI SERVENT LES DIFF\u00c9RENTS TYPES DE COOKIES ?<\/h3>\n\n<p><strong>Selon leur finalit\u00e9 :<\/strong><\/p>\n\n<p>\u2022 Cookies techniques : Ces cookies permettent \u00e0 l&rsquo;utilisateur de naviguer sur une page web, une plateforme ou une application et d&rsquo;utiliser les diff\u00e9rentes options ou services, comme le maintien de la session, la gestion du temps de r\u00e9ponse, les performances, la validation des options, l&rsquo;utilisation d&rsquo;\u00e9l\u00e9ments de s\u00e9curit\u00e9 et le partage de contenu.<\/p>\n\n<p>\u2022 Cookies de pr\u00e9f\u00e9rences ou de personnalisation : Ces cookies permettent de m\u00e9moriser des informations afin que l&rsquo;utilisateur acc\u00e8de au service avec certaines caract\u00e9ristiques sp\u00e9cifiques, telles que la langue, le nombre de r\u00e9sultats affich\u00e9s lors d&rsquo;une recherche, l&rsquo;apparence ou le contenu du service en fonction du type de navigateur utilis\u00e9, ou encore la r\u00e9gion depuis laquelle l&rsquo;utilisateur acc\u00e8de au service.<\/p>\n\n<p>\u2022 Cookies d&rsquo;analyse ou de mesure : Ces cookies permettent le suivi et l&rsquo;analyse du comportement des utilisateurs des sites web ou applications auxquels ils sont li\u00e9s, y compris la quantification des impacts publicitaires. Les informations collect\u00e9es sont utilis\u00e9es pour mesurer l&rsquo;activit\u00e9 des sites web, des applications ou des plateformes, dans le but d&rsquo;am\u00e9liorer le service.<\/p>\n\n<p>\u2022 Cookies publicitaires : Ces cookies, trait\u00e9s par l&rsquo;administrateur de l&rsquo;application ou par des tiers, permettent d&rsquo;analyser les habitudes de navigation des utilisateurs afin de leur montrer des publicit\u00e9s en fonction de leur profil de navigation. Ces cookies permettent la gestion des espaces publicitaires sur des crit\u00e8res pr\u00e9cis.<\/p>\n\n<p>Les cookies publicitaires stockent des informations sur le comportement des utilisateurs obtenues \u00e0 partir de l&rsquo;observation continue de leurs habitudes de navigation, ce qui permet de cr\u00e9er un profil sp\u00e9cifique pour afficher des publicit\u00e9s cibl\u00e9es.<\/p>\n\n<p><strong>Types de cookies en fonction de la dur\u00e9e d&rsquo;activit\u00e9 :<\/strong><\/p>\n\n<p>\u2022 Cookies de session : Ces cookies sont con\u00e7us pour recueillir et stocker des donn\u00e9es pendant que l&rsquo;utilisateur acc\u00e8de \u00e0 une page web ou une application. Ils sont souvent utilis\u00e9s pour stocker des informations temporaires et disparaissent \u00e0 la fin de la session.<\/p>\n\n<p>\u2022 Cookies persistants : Ces cookies stockent des donn\u00e9es dans le terminal et peuvent \u00eatre accessibles et trait\u00e9s pendant une p\u00e9riode d\u00e9finie par le responsable du cookie, allant de quelques minutes \u00e0 plusieurs ann\u00e9es. Il est conseill\u00e9 de minimiser la dur\u00e9e d&rsquo;utilisation des cookies persistants en fonction de leur finalit\u00e9.<\/p>\n\n<p>Les obligations l\u00e9gales incluent la transparence et l&rsquo;obtention du consentement explicite de l&rsquo;utilisateur du site web.<\/p>\n\n<p>Il est recommand\u00e9 d&rsquo;effectuer un examen des cookies utilis\u00e9s, soit en interne, soit avec l&rsquo;aide de consultants sp\u00e9cialis\u00e9s, afin d&rsquo;identifier et d&rsquo;analyser les cookies pour savoir s&rsquo;ils sont conformes \u00e0 l&rsquo;article 22.2 de la LSSI.<\/p>\n\n<p> <\/p>\n\n<div style=\"height:10px\" aria-hidden=\"true\" class=\"wp-block-spacer\"><\/div>\n\n<h3 class=\"wp-block-heading\">3. LIEN POUR L&rsquo;IDENTIFICATION DES COOKIES :<\/h3>\n\n<p>Il est conseill\u00e9 de rendre l&rsquo;information sur la gestion des cookies accessible et permanente \u00e0 tout moment via le site web ou l&rsquo;application, y compris la mani\u00e8re de r\u00e9voquer le consentement et de supprimer les cookies.<\/p>\n\n<p>Ces cookies doivent \u00eatre conformes au RGPD-UE-2016\/679, \u00e0 la LOPDGDD-3\/2018, \u00e0 la LSSI-CE-34\/2002, et \u00e0 la Guide sur l&rsquo;utilisation des cookies de juillet 2023 de l&rsquo;AEPD.<\/p>\n\n<h4 class=\"wp-block-heading\">COOKIES PROPRI\u00c9TAIRES EN USAGE :<\/h4>\n\n<p> <\/p>\n\n<figure class=\"wp-block-table\"><table class=\"has-fixed-layout\"><tbody><tr><td><br\/><strong>DOMAINE<\/strong><\/td><td><br\/><strong>COOKIE<\/strong><\/td><td><br\/><strong>FOURNISSEUR<\/strong><\/td><td><br\/><strong>FINALIT\u00c9<\/strong><\/td><td><br\/><strong>DUR\u00c9E<\/strong><\/td><\/tr><tr><td colspan=\"5\"><strong>Thecolchoncompany.es<\/strong><\/td><\/tr><tr><td><br\/><\/td><td>Cookies.js<\/td><td>JS<\/td><td>Stocke des informations sur l&rsquo;utilisateur.<\/td><td>Persistant<\/td><\/tr><tr><td><br\/><\/td><td>cookieyes-Consent<\/td><td>Yes<\/td><td>Consentimiento de las cookies.<\/td><td>Persistant<\/td><\/tr><tr><td><br\/><\/td><td>Mailchimp _landing_site<\/td><td>Chimp<\/td><td>Stocke des informations sur l&rsquo;utilisateur.<\/td><td>Persistant<\/td><\/tr><tr><td><br\/><\/td><td>sbjs_current<\/td><td>JS<\/td><td>Stocke des informations sur l&rsquo;utilisateur.<\/td><td>Sesi\u00f3n<\/td><\/tr><tr><td><br\/><\/td><td>sbjs_current_add<\/td><td>JS<\/td><td>Stocke des informations sur l&rsquo;utilisateur.<\/td><td>Sesi\u00f3n<\/td><\/tr><tr><td><br\/><\/td><td>sbjs_first<\/td><td>JS<\/td><td>Proporciona informaci\u00f3n de estad\u00edsticas de la web.<\/td><td>Sesi\u00f3n<\/td><\/tr><tr><td><br\/><\/td><td>sbjs_first_add<\/td><td>JS<\/td><td>Proporciona informaci\u00f3n de estad\u00edsticas de la web.<\/td><td>Sesi\u00f3n<\/td><\/tr><\/tbody><\/table><\/figure>\n\n<figure class=\"wp-block-table\"><table class=\"has-fixed-layout\"><tbody><tr><td><br\/><\/td><td>Sbjs _migrations<\/td><td>JS<\/td><td>Proporciona informaci\u00f3n de estad\u00edsticas de la web.<\/td><td>Sesi\u00f3n<\/td><\/tr><tr><td><br\/><\/td><td>sbjs_session<\/td><td>JS<\/td><td>Proporciona informaci\u00f3n de estad\u00edsticas de la web.<\/td><td>Persistant<\/td><\/tr><tr><td><br\/><\/td><td>sbjs_udata<\/td><td>JS<\/td><td>Stocke des informations sur l&rsquo;utilisation du site web.<\/td><td>Persistant<\/td><\/tr><tr><td><br\/><\/td><td>tk_lr tk_or tk_r3d tk_rl tk_ro tk_tc<\/td><td>TK<\/td><td>Stocke des informations sur l&rsquo;utilisateur.<\/td><td>Persistant<\/td><\/tr><tr><td><br\/><\/td><td><br\/><\/td><td><br\/><\/td><td><br\/><\/td><td><br\/><\/td><\/tr><tr><td><br\/><\/td><td><br\/><\/td><td><br\/><\/td><td><br\/><\/td><td><br\/><\/td><\/tr><\/tbody><\/table><\/figure>\n\n<h4 class=\"wp-block-heading\"> <\/h4>\n\n<p> <\/p>\n\n<figure class=\"wp-block-table\"><table class=\"has-fixed-layout\"><tbody><tr><td><br\/><strong>DOMAINE<\/strong><\/td><td><br\/><strong>COOKIE<\/strong><\/td><td><br\/><strong>FOURNISSEUR<\/strong><\/td><td><br\/><strong>FINALIT\u00c9<\/strong><\/td><td><br\/><strong>DUR\u00c9E<\/strong><\/td><\/tr><tr><td><strong>Doubleclick.com<\/strong><\/td><td>IDE<\/td><td>Doubleclick<\/td><td>Stocke des informations sur l&rsquo;utilisation du site web.<\/td><td>Persistant<\/td><\/tr><tr><td><br\/><\/td><td>DSID<\/td><td>Doubleclick<\/td><td>Stocke des informations sur l&rsquo;utilisateur.<\/td><td>Persistant<\/td><\/tr><tr><td><strong>youtube.com<\/strong><\/td><td>APISID<\/td><td>Youtube<\/td><td>Stocke des informations sur l&rsquo;utilisateur.<\/td><td>Persistant<\/td><\/tr><tr><td><br\/><\/td><td>HSID<\/td><td>Youtube<\/td><td>Stocke des informations sur l&rsquo;utilisateur.<\/td><td>Persistant<\/td><\/tr><tr><td><br\/><\/td><td>LOGIN_INFO<\/td><td>Youtube<\/td><td>T\u00e9cnica, reproductor de contenidos.<\/td><td>Persistant<\/td><\/tr><tr><td><br\/><\/td><td>PREF<\/td><td>Youtube<\/td><td>Stocke des informations sur l&rsquo;utilisateur.<\/td><td>Persistant<\/td><\/tr><tr><td><br\/><\/td><td>SAPISID<\/td><td>Youtube<\/td><td>Para que cualquier publicidad haya visto en otra web.<\/td><td>Persistant<\/td><\/tr><tr><td><br\/><\/td><td>SID<\/td><td>Youtube<\/td><td>Paqra entregar anuncios y evitar fraude.<\/td><td>Persistant<\/td><\/tr><tr><td><br\/><\/td><td>SIDCC<\/td><td>Youtube<\/td><td>Elabora perfiles de los usuarios.<\/td><td>Persistant<\/td><\/tr><\/tbody><\/table><\/figure>\n\n<figure class=\"wp-block-table\"><table class=\"has-fixed-layout\"><tbody><tr><td><br\/><\/td><td>SSID<\/td><td>Youtube<\/td><td>Elabora perfiles de los usuarios.<\/td><td>Persistant<\/td><\/tr><tr><td><br\/><\/td><td>VISITOR_INFO1 _LIVE<\/td><td>Youtube<\/td><td>Seguimiento de los v\u00eddeos.<\/td><td>Persistant<\/td><\/tr><tr><td><br\/><\/td><td>VISITOR_PRIVACY _METADATA<\/td><td>Youtube<\/td><td>Identificador \u00fanico para rastrear los v\u00eddeos.<\/td><td>Persistant<\/td><\/tr><tr><td><br\/><\/td><td>YSC<\/td><td>Youtube<\/td><td>Para mostrar publicidad directa a los usuarios.<\/td><td>Persistant<\/td><\/tr><tr><td><br\/><\/td><td>__Secure-1PAPISID<\/td><td>Youtube<\/td><td>Entrega anuncios m\u00e1s relevantes para el usuario.<\/td><td>Persistant<\/td><\/tr><tr><td><br\/><\/td><td>__Secure-1PSID<\/td><td>Youtube<\/td><td>Entrega anuncios m\u00e1s relevantes para el usuario.<\/td><td>Persistant<\/td><\/tr><tr><td><br\/><\/td><td>__Secure-1PSIDCC<\/td><td>Youtube<\/td><td>Entrega anuncios m\u00e1s relevantes para el usuario.<\/td><td>Persistant<\/td><\/tr><tr><td><br\/><\/td><td>__Secure-1PSIDTS<\/td><td>Youtube<\/td><td>Entrega anuncios m\u00e1s relevantes para el usuario.<\/td><td>Persistant<\/td><\/tr><tr><td><strong>google\/youtube<\/strong><\/td><td>__Secure-3PAPISID<\/td><td>Google<\/td><td>Entrega anuncios m\u00e1s relevantes para el usuario.<\/td><td>Persistant<\/td><\/tr><tr><td><br\/><\/td><td>__Secure-3PSID<\/td><td>Google<\/td><td>Entrega anuncios m\u00e1s relevantes para el usuario.<\/td><td>Persistant<\/td><\/tr><tr><td><br\/><\/td><td>__Secure-3PSIDCC<\/td><td>Google<\/td><td>Entrega anuncios m\u00e1s relevantes para el usuario.<\/td><td>Persistant<\/td><\/tr><tr><td><br\/><\/td><td>__Secure-3PSIDTS<\/td><td>Google<\/td><td>Entrega anuncios m\u00e1s relevantes para el usuario.<\/td><td>Persistant<\/td><\/tr><tr><td><br\/><\/td><td>NID<\/td><td>Google<\/td><td>Almacena las preferencias de los usuarios.<\/td><td>Persistant<\/td><\/tr><tr><td><br\/><\/td><td><br\/><\/td><td><br\/><\/td><td><br\/><\/td><td><br\/><\/td><\/tr><tr><td><br\/><\/td><td><br\/><\/td><td><br\/><\/td><td><br\/><\/td><td><br\/><\/td><\/tr><\/tbody><\/table><\/figure>\n\n<h4 class=\"wp-block-heading\">POURQUOI AVONS-NOUS BESOIN DE VOTRE CONSENTEMENT EXPLICITE ?<\/h4>\n\n<p> <\/p>\n\n<p> <\/p>\n\n<p> <\/p>\n\n<p> <\/p>\n\n<p>Conform\u00e9ment \u00e0 l&rsquo;article 8 du RGPD-UE-2016\/679, le traitement des donn\u00e9es personnelles d&rsquo;un enfant est licite s&rsquo;il a au moins 16 ans ou si l&rsquo;autorisation est donn\u00e9e par le titulaire de l&rsquo;autorit\u00e9 parentale.<\/p>\n\n<p>1. Lorsque l&rsquo;article 6, paragraphe 1, point a), s&rsquo;applique en ce qui concerne l&rsquo;offre directe de services de la soci\u00e9t\u00e9 de l&rsquo;information aux enfants, le traitement des donn\u00e9es personnelles d&rsquo;un enfant sera consid\u00e9r\u00e9 comme licite \u00e0 condition que celui-ci soit \u00e2g\u00e9 d&rsquo;au moins 16 ans. Si l&rsquo;enfant a moins de 16 ans, ce traitement ne sera licite que si le consentement a \u00e9t\u00e9 donn\u00e9 ou autoris\u00e9 par le titulaire de l&rsquo;autorit\u00e9 parentale ou de la tutelle sur l&rsquo;enfant, et uniquement dans la mesure o\u00f9 ce consentement a \u00e9t\u00e9 donn\u00e9 ou autoris\u00e9.<\/p>\n\n<p>2. Le responsable du traitement fera des efforts raisonnables pour v\u00e9rifier, dans ces cas, que le consentement a \u00e9t\u00e9 donn\u00e9 ou autoris\u00e9 par le titulaire de l&rsquo;autorit\u00e9 parentale ou de la tutelle sur l&rsquo;enfant, en tenant compte des technologies disponibles.<\/p>\n\n<p>Si vous d\u00e9cidez de modifier les param\u00e8tres de votre acc\u00e8s au site web, sachez qu&rsquo;il est possible de supprimer les cookies ou d&#8217;emp\u00eacher l&rsquo;enregistrement de ces informations sur votre appareil \u00e0 tout moment en modifiant les param\u00e8tres de configuration de votre navigateur :<\/p>\n\n<ul class=\"wp-block-list\">\n<li><a href=\"https:\/\/support.mozilla.org\/es\/kb\/habilitar-y-deshabilitar-cookies-sitios-web-rastrear-preferencias\">Param\u00e8tres des cookies pour Firefox.<\/a><\/li>\n<\/ul>\n\n<ul class=\"wp-block-list\">\n<li><a href=\"https:\/\/support.google.com\/chrome\/answer\/95647?co=GENIE.Platform%3DDesktop&amp;hl=es-419\">Param\u00e8tres des cookies pour Google Chrome.<\/a><\/li>\n<\/ul>\n\n<ul class=\"wp-block-list\">\n<li><a href=\"https:\/\/support.apple.com\/es-es\/guide\/safari\/sfri11471\/mac\">Param\u00e8tres des cookies pour Safari.<\/a><\/li>\n<\/ul>\n\n<div style=\"height:10px\" aria-hidden=\"true\" class=\"wp-block-spacer\"><\/div>\n\n<p>Ces navigateurs sont soumis \u00e0 des modifications ou des mises \u00e0 jour, de sorte que nous ne pouvons pas garantir qu&rsquo;ils correspondent totalement \u00e0 la version de votre navigateur. Pour \u00e9viter ces d\u00e9sagr\u00e9ments, vous pouvez acc\u00e9der directement aux options de votre navigateur, g\u00e9n\u00e9ralement dans le menu \u00ab\u00a0Options\u00a0\u00bb, dans la section \u00ab\u00a0Confidentialit\u00e9\u00a0\u00bb. (Veuillez consulter l&rsquo;aide de votre navigateur pour plus d&rsquo;informations.)<\/p>\n\n<div style=\"height:10px\" aria-hidden=\"true\" class=\"wp-block-spacer\"><\/div>\n\n<h3 class=\"wp-block-heading\">4. O\u00d9 PUIS-JE OBTENIR PLUS D&rsquo;INFORMATIONS ?<\/h3>\n\n<p>Vous pouvez trouver plus d&rsquo;informations sur les cookies sur : <a href=\"..\/..\/..\/..\/..\/Toni%20Rovira\/Documents\/LSSI\/CASTELLANO\/COOKIES\/www.allaboutcookies.org\">www.allaboutcookies.org<\/a> ou <a href=\"..\/..\/..\/..\/..\/Toni%20Rovira\/Documents\/LSSI\/CASTELLANO\/COOKIES\/www.youronlinechoices.eu\">www.youronlinechoices.eu.<\/a><\/p>\n\n<p><em>Ces clauses ont \u00e9t\u00e9 r\u00e9dig\u00e9es par <\/em><a href=\"http:\/\/www.grupoqualia.net\/es\/inicio\"><em><strong>GRUP QUALIA<\/strong><\/em><\/a><em>, <\/em><em>et un certificat sous forme d&rsquo;image num\u00e9rique vous sera remis pour que vous puissiez l&rsquo;afficher sur votre site web.<\/em><\/p>\n\n<p><strong>Mise \u00e0 jour : 04\/06\/2024<\/strong><\/p>\n","protected":false},"excerpt":{"rendered":"<p>QU&rsquo;EST-CE QU&rsquo;UNE COOKIE ? Les cookies sont de petits fichiers de donn\u00e9es envoy\u00e9s au terminal de l&rsquo;utilisateur depuis le site visit\u00e9. Ils enregistrent certaines interactions de navigation sur un site en stockant des informations qui peuvent \u00eatre mises \u00e0 jour et r\u00e9cup\u00e9r\u00e9es. Ces fichiers sont enregistr\u00e9s sur l&rsquo;appareil de l&rsquo;utilisateur et contiennent des donn\u00e9es anonymes [&hellip;]<\/p>\n","protected":false},"author":1,"featured_media":0,"parent":0,"menu_order":0,"comment_status":"closed","ping_status":"closed","template":"","meta":{"footnotes":""},"class_list":["post-1284","page","type-page","status-publish","hentry"],"yoast_head":"<!-- This site is optimized with the Yoast SEO plugin v27.1.1 - https:\/\/yoast.com\/product\/yoast-seo-wordpress\/ -->\n<title>Politique relative aux cookies - naturalcasa\u00ae<\/title>\n<meta name=\"robots\" content=\"index, follow, max-snippet:-1, max-image-preview:large, max-video-preview:-1\" \/>\n<link rel=\"canonical\" href=\"https:\/\/wearenaturalcasa.com\/fr\/politique-relative-aux-cookies\/\" \/>\n<meta property=\"og:locale\" content=\"fr_FR\" \/>\n<meta property=\"og:type\" content=\"article\" \/>\n<meta property=\"og:title\" content=\"Politique relative aux cookies - naturalcasa\u00ae\" \/>\n<meta property=\"og:description\" content=\"QU&rsquo;EST-CE QU&rsquo;UNE COOKIE ? Les cookies sont de petits fichiers de donn\u00e9es envoy\u00e9s au terminal de l&rsquo;utilisateur depuis le site visit\u00e9. Ils enregistrent certaines interactions de navigation sur un site en stockant des informations qui peuvent \u00eatre mises \u00e0 jour et r\u00e9cup\u00e9r\u00e9es. Ces fichiers sont enregistr\u00e9s sur l&rsquo;appareil de l&rsquo;utilisateur et contiennent des donn\u00e9es anonymes [&hellip;]\" \/>\n<meta property=\"og:url\" content=\"https:\/\/wearenaturalcasa.com\/fr\/politique-relative-aux-cookies\/\" \/>\n<meta property=\"og:site_name\" content=\"naturalcasa\u00ae\" \/>\n<meta property=\"article:modified_time\" content=\"2024-10-10T20:13:17+00:00\" \/>\n<meta name=\"twitter:card\" content=\"summary_large_image\" \/>\n<meta name=\"twitter:label1\" content=\"Dur\u00e9e de lecture estim\u00e9e\" \/>\n\t<meta name=\"twitter:data1\" content=\"8 minutes\" \/>\n<script type=\"application\/ld+json\" class=\"yoast-schema-graph\">{\"@context\":\"https:\/\/schema.org\",\"@graph\":[{\"@type\":\"WebPage\",\"@id\":\"https:\/\/wearenaturalcasa.com\/fr\/politique-relative-aux-cookies\/\",\"url\":\"https:\/\/wearenaturalcasa.com\/fr\/politique-relative-aux-cookies\/\",\"name\":\"Politique relative aux cookies - naturalcasa\u00ae\",\"isPartOf\":{\"@id\":\"https:\/\/wearenaturalcasa.com\/fr\/#website\"},\"datePublished\":\"2024-09-13T14:04:23+00:00\",\"dateModified\":\"2024-10-10T20:13:17+00:00\",\"breadcrumb\":{\"@id\":\"https:\/\/wearenaturalcasa.com\/fr\/politique-relative-aux-cookies\/#breadcrumb\"},\"inLanguage\":\"fr-FR\",\"potentialAction\":[{\"@type\":\"ReadAction\",\"target\":[\"https:\/\/wearenaturalcasa.com\/fr\/politique-relative-aux-cookies\/\"]}]},{\"@type\":\"BreadcrumbList\",\"@id\":\"https:\/\/wearenaturalcasa.com\/fr\/politique-relative-aux-cookies\/#breadcrumb\",\"itemListElement\":[{\"@type\":\"ListItem\",\"position\":1,\"name\":\"Portada\",\"item\":\"https:\/\/wearenaturalcasa.com\/fr\/\"},{\"@type\":\"ListItem\",\"position\":2,\"name\":\"Politique relative aux cookies\"}]},{\"@type\":\"WebSite\",\"@id\":\"https:\/\/wearenaturalcasa.com\/fr\/#website\",\"url\":\"https:\/\/wearenaturalcasa.com\/fr\/\",\"name\":\"naturalcasa\",\"description\":\"Best confort. Better planet.\",\"publisher\":{\"@id\":\"https:\/\/wearenaturalcasa.com\/fr\/#organization\"},\"potentialAction\":[{\"@type\":\"SearchAction\",\"target\":{\"@type\":\"EntryPoint\",\"urlTemplate\":\"https:\/\/wearenaturalcasa.com\/fr\/?s={search_term_string}\"},\"query-input\":{\"@type\":\"PropertyValueSpecification\",\"valueRequired\":true,\"valueName\":\"search_term_string\"}}],\"inLanguage\":\"fr-FR\"},{\"@type\":\"Organization\",\"@id\":\"https:\/\/wearenaturalcasa.com\/fr\/#organization\",\"name\":\"naturalcasa\",\"url\":\"https:\/\/wearenaturalcasa.com\/fr\/\",\"logo\":{\"@type\":\"ImageObject\",\"inLanguage\":\"fr-FR\",\"@id\":\"https:\/\/wearenaturalcasa.com\/fr\/#\/schema\/logo\/image\/\",\"url\":\"https:\/\/wearenaturalcasa.com\/wp-content\/uploads\/2024\/07\/favicon-naturalcasa.png\",\"contentUrl\":\"https:\/\/wearenaturalcasa.com\/wp-content\/uploads\/2024\/07\/favicon-naturalcasa.png\",\"width\":512,\"height\":512,\"caption\":\"naturalcasa\"},\"image\":{\"@id\":\"https:\/\/wearenaturalcasa.com\/fr\/#\/schema\/logo\/image\/\"},\"sameAs\":[\"https:\/\/www.instagram.com\/wearenaturalcasa\/\"]}]}<\/script>\n<!-- \/ Yoast SEO plugin. -->","yoast_head_json":{"title":"Politique relative aux cookies - naturalcasa\u00ae","robots":{"index":"index","follow":"follow","max-snippet":"max-snippet:-1","max-image-preview":"max-image-preview:large","max-video-preview":"max-video-preview:-1"},"canonical":"https:\/\/wearenaturalcasa.com\/fr\/politique-relative-aux-cookies\/","og_locale":"fr_FR","og_type":"article","og_title":"Politique relative aux cookies - naturalcasa\u00ae","og_description":"QU&rsquo;EST-CE QU&rsquo;UNE COOKIE ? Les cookies sont de petits fichiers de donn\u00e9es envoy\u00e9s au terminal de l&rsquo;utilisateur depuis le site visit\u00e9. Ils enregistrent certaines interactions de navigation sur un site en stockant des informations qui peuvent \u00eatre mises \u00e0 jour et r\u00e9cup\u00e9r\u00e9es. Ces fichiers sont enregistr\u00e9s sur l&rsquo;appareil de l&rsquo;utilisateur et contiennent des donn\u00e9es anonymes [&hellip;]","og_url":"https:\/\/wearenaturalcasa.com\/fr\/politique-relative-aux-cookies\/","og_site_name":"naturalcasa\u00ae","article_modified_time":"2024-10-10T20:13:17+00:00","twitter_card":"summary_large_image","twitter_misc":{"Dur\u00e9e de lecture estim\u00e9e":"8 minutes"},"schema":{"@context":"https:\/\/schema.org","@graph":[{"@type":"WebPage","@id":"https:\/\/wearenaturalcasa.com\/fr\/politique-relative-aux-cookies\/","url":"https:\/\/wearenaturalcasa.com\/fr\/politique-relative-aux-cookies\/","name":"Politique relative aux cookies - naturalcasa\u00ae","isPartOf":{"@id":"https:\/\/wearenaturalcasa.com\/fr\/#website"},"datePublished":"2024-09-13T14:04:23+00:00","dateModified":"2024-10-10T20:13:17+00:00","breadcrumb":{"@id":"https:\/\/wearenaturalcasa.com\/fr\/politique-relative-aux-cookies\/#breadcrumb"},"inLanguage":"fr-FR","potentialAction":[{"@type":"ReadAction","target":["https:\/\/wearenaturalcasa.com\/fr\/politique-relative-aux-cookies\/"]}]},{"@type":"BreadcrumbList","@id":"https:\/\/wearenaturalcasa.com\/fr\/politique-relative-aux-cookies\/#breadcrumb","itemListElement":[{"@type":"ListItem","position":1,"name":"Portada","item":"https:\/\/wearenaturalcasa.com\/fr\/"},{"@type":"ListItem","position":2,"name":"Politique relative aux cookies"}]},{"@type":"WebSite","@id":"https:\/\/wearenaturalcasa.com\/fr\/#website","url":"https:\/\/wearenaturalcasa.com\/fr\/","name":"naturalcasa","description":"Best confort. Better planet.","publisher":{"@id":"https:\/\/wearenaturalcasa.com\/fr\/#organization"},"potentialAction":[{"@type":"SearchAction","target":{"@type":"EntryPoint","urlTemplate":"https:\/\/wearenaturalcasa.com\/fr\/?s={search_term_string}"},"query-input":{"@type":"PropertyValueSpecification","valueRequired":true,"valueName":"search_term_string"}}],"inLanguage":"fr-FR"},{"@type":"Organization","@id":"https:\/\/wearenaturalcasa.com\/fr\/#organization","name":"naturalcasa","url":"https:\/\/wearenaturalcasa.com\/fr\/","logo":{"@type":"ImageObject","inLanguage":"fr-FR","@id":"https:\/\/wearenaturalcasa.com\/fr\/#\/schema\/logo\/image\/","url":"https:\/\/wearenaturalcasa.com\/wp-content\/uploads\/2024\/07\/favicon-naturalcasa.png","contentUrl":"https:\/\/wearenaturalcasa.com\/wp-content\/uploads\/2024\/07\/favicon-naturalcasa.png","width":512,"height":512,"caption":"naturalcasa"},"image":{"@id":"https:\/\/wearenaturalcasa.com\/fr\/#\/schema\/logo\/image\/"},"sameAs":["https:\/\/www.instagram.com\/wearenaturalcasa\/"]}]}},"_links":{"self":[{"href":"https:\/\/wearenaturalcasa.com\/fr\/wp-json\/wp\/v2\/pages\/1284","targetHints":{"allow":["GET"]}}],"collection":[{"href":"https:\/\/wearenaturalcasa.com\/fr\/wp-json\/wp\/v2\/pages"}],"about":[{"href":"https:\/\/wearenaturalcasa.com\/fr\/wp-json\/wp\/v2\/types\/page"}],"author":[{"embeddable":true,"href":"https:\/\/wearenaturalcasa.com\/fr\/wp-json\/wp\/v2\/users\/1"}],"replies":[{"embeddable":true,"href":"https:\/\/wearenaturalcasa.com\/fr\/wp-json\/wp\/v2\/comments?post=1284"}],"version-history":[{"count":0,"href":"https:\/\/wearenaturalcasa.com\/fr\/wp-json\/wp\/v2\/pages\/1284\/revisions"}],"wp:attachment":[{"href":"https:\/\/wearenaturalcasa.com\/fr\/wp-json\/wp\/v2\/media?parent=1284"}],"curies":[{"name":"wp","href":"https:\/\/api.w.org\/{rel}","templated":true}]}}