{"id":2023,"date":"2024-07-30T07:48:40","date_gmt":"2024-07-30T07:48:40","guid":{"rendered":"https:\/\/wearenaturalcasa.com\/product\/matelas-naturalcasa\/"},"modified":"2024-07-30T07:48:40","modified_gmt":"2024-07-30T07:48:40","slug":"matelas-naturalcasa","status":"publish","type":"product","link":"https:\/\/wearenaturalcasa.com\/fr\/product\/matelas-naturalcasa\/","title":{"rendered":"Matelas naturalcasa\u00ae"},"content":{"rendered":"","protected":false},"excerpt":{"rendered":"<p>Le matelas Naturalcasa est un matelas en latex 100 % naturel qui offre un \u00e9quilibre parfait entre confort, sant\u00e9 et durabilit\u00e9.<\/p>\n","protected":false},"featured_media":484,"template":"","meta":[],"product_brand":[],"product_cat":[49],"product_tag":[],"class_list":{"0":"post-2023","1":"product","2":"type-product","3":"status-publish","4":"has-post-thumbnail","6":"product_cat-matelas","8":"first","9":"instock","10":"shipping-taxable","11":"purchasable","12":"product-type-variable"},"yoast_head":"<!-- This site is optimized with the Yoast SEO plugin v27.1.1 - https:\/\/yoast.com\/product\/yoast-seo-wordpress\/ -->\n<title>Matelas naturalcasa\u00ae - naturalcasa\u00ae<\/title>\n<meta name=\"description\" content=\"Le matelas Naturalcasa est un matelas en latex 100 % naturel qui offre un \u00e9quilibre parfait entre confort, sant\u00e9 et durabilit\u00e9.\" \/>\n<meta name=\"robots\" content=\"index, follow, max-snippet:-1, max-image-preview:large, max-video-preview:-1\" \/>\n<link rel=\"canonical\" href=\"https:\/\/wearenaturalcasa.com\/fr\/product\/matelas-naturalcasa\/\" \/>\n<meta property=\"og:locale\" content=\"fr_FR\" \/>\n<meta property=\"og:type\" content=\"article\" \/>\n<meta property=\"og:title\" content=\"Matelas naturalcasa\u00ae - naturalcasa\u00ae\" \/>\n<meta property=\"og:description\" content=\"Le matelas Naturalcasa est un matelas en latex 100 % naturel qui offre un \u00e9quilibre parfait entre confort, sant\u00e9 et durabilit\u00e9.\" \/>\n<meta property=\"og:url\" content=\"https:\/\/wearenaturalcasa.com\/fr\/product\/matelas-naturalcasa\/\" \/>\n<meta property=\"og:site_name\" content=\"naturalcasa\u00ae\" \/>\n<meta property=\"og:image\" content=\"https:\/\/wearenaturalcasa.com\/wp-content\/uploads\/2024\/07\/colchon.jpg\" \/>\n\t<meta property=\"og:image:width\" content=\"831\" \/>\n\t<meta property=\"og:image:height\" content=\"363\" \/>\n\t<meta property=\"og:image:type\" content=\"image\/jpeg\" \/>\n<meta name=\"twitter:card\" content=\"summary_large_image\" \/>\n<script type=\"application\/ld+json\" class=\"yoast-schema-graph\">{\"@context\":\"https:\/\/schema.org\",\"@graph\":[{\"@type\":\"WebPage\",\"@id\":\"https:\/\/wearenaturalcasa.com\/fr\/product\/matelas-naturalcasa\/\",\"url\":\"https:\/\/wearenaturalcasa.com\/fr\/product\/matelas-naturalcasa\/\",\"name\":\"Matelas naturalcasa\u00ae - naturalcasa\u00ae\",\"isPartOf\":{\"@id\":\"https:\/\/wearenaturalcasa.com\/fr\/#website\"},\"primaryImageOfPage\":{\"@id\":\"https:\/\/wearenaturalcasa.com\/fr\/product\/matelas-naturalcasa\/#primaryimage\"},\"image\":{\"@id\":\"https:\/\/wearenaturalcasa.com\/fr\/product\/matelas-naturalcasa\/#primaryimage\"},\"thumbnailUrl\":\"https:\/\/wearenaturalcasa.com\/wp-content\/uploads\/2024\/07\/colchon.jpg\",\"datePublished\":\"2024-07-30T07:48:40+00:00\",\"description\":\"Le matelas Naturalcasa est un matelas en latex 100 % naturel qui offre un \u00e9quilibre parfait entre confort, sant\u00e9 et durabilit\u00e9.\",\"breadcrumb\":{\"@id\":\"https:\/\/wearenaturalcasa.com\/fr\/product\/matelas-naturalcasa\/#breadcrumb\"},\"inLanguage\":\"fr-FR\",\"potentialAction\":[{\"@type\":\"ReadAction\",\"target\":[\"https:\/\/wearenaturalcasa.com\/fr\/product\/matelas-naturalcasa\/\"]}]},{\"@type\":\"ImageObject\",\"inLanguage\":\"fr-FR\",\"@id\":\"https:\/\/wearenaturalcasa.com\/fr\/product\/matelas-naturalcasa\/#primaryimage\",\"url\":\"https:\/\/wearenaturalcasa.com\/wp-content\/uploads\/2024\/07\/colchon.jpg\",\"contentUrl\":\"https:\/\/wearenaturalcasa.com\/wp-content\/uploads\/2024\/07\/colchon.jpg\",\"width\":831,\"height\":363},{\"@type\":\"BreadcrumbList\",\"@id\":\"https:\/\/wearenaturalcasa.com\/fr\/product\/matelas-naturalcasa\/#breadcrumb\",\"itemListElement\":[{\"@type\":\"ListItem\",\"position\":1,\"name\":\"Portada\",\"item\":\"https:\/\/wearenaturalcasa.com\/fr\/\"},{\"@type\":\"ListItem\",\"position\":2,\"name\":\"Produits\",\"item\":\"https:\/\/wearenaturalcasa.com\/fr\/shop\/\"},{\"@type\":\"ListItem\",\"position\":3,\"name\":\"Matelas naturalcasa\u00ae\"}]},{\"@type\":\"WebSite\",\"@id\":\"https:\/\/wearenaturalcasa.com\/fr\/#website\",\"url\":\"https:\/\/wearenaturalcasa.com\/fr\/\",\"name\":\"naturalcasa\",\"description\":\"Best confort. Better planet.\",\"publisher\":{\"@id\":\"https:\/\/wearenaturalcasa.com\/fr\/#organization\"},\"potentialAction\":[{\"@type\":\"SearchAction\",\"target\":{\"@type\":\"EntryPoint\",\"urlTemplate\":\"https:\/\/wearenaturalcasa.com\/fr\/?s={search_term_string}\"},\"query-input\":{\"@type\":\"PropertyValueSpecification\",\"valueRequired\":true,\"valueName\":\"search_term_string\"}}],\"inLanguage\":\"fr-FR\"},{\"@type\":\"Organization\",\"@id\":\"https:\/\/wearenaturalcasa.com\/fr\/#organization\",\"name\":\"naturalcasa\",\"url\":\"https:\/\/wearenaturalcasa.com\/fr\/\",\"logo\":{\"@type\":\"ImageObject\",\"inLanguage\":\"fr-FR\",\"@id\":\"https:\/\/wearenaturalcasa.com\/fr\/#\/schema\/logo\/image\/\",\"url\":\"https:\/\/wearenaturalcasa.com\/wp-content\/uploads\/2024\/07\/favicon-naturalcasa.png\",\"contentUrl\":\"https:\/\/wearenaturalcasa.com\/wp-content\/uploads\/2024\/07\/favicon-naturalcasa.png\",\"width\":512,\"height\":512,\"caption\":\"naturalcasa\"},\"image\":{\"@id\":\"https:\/\/wearenaturalcasa.com\/fr\/#\/schema\/logo\/image\/\"},\"sameAs\":[\"https:\/\/www.instagram.com\/wearenaturalcasa\/\"]}]}<\/script>\n<!-- \/ Yoast SEO plugin. -->","yoast_head_json":{"title":"Matelas naturalcasa\u00ae - naturalcasa\u00ae","description":"Le matelas Naturalcasa est un matelas en latex 100 % naturel qui offre un \u00e9quilibre parfait entre confort, sant\u00e9 et durabilit\u00e9.","robots":{"index":"index","follow":"follow","max-snippet":"max-snippet:-1","max-image-preview":"max-image-preview:large","max-video-preview":"max-video-preview:-1"},"canonical":"https:\/\/wearenaturalcasa.com\/fr\/product\/matelas-naturalcasa\/","og_locale":"fr_FR","og_type":"article","og_title":"Matelas naturalcasa\u00ae - naturalcasa\u00ae","og_description":"Le matelas Naturalcasa est un matelas en latex 100 % naturel qui offre un \u00e9quilibre parfait entre confort, sant\u00e9 et durabilit\u00e9.","og_url":"https:\/\/wearenaturalcasa.com\/fr\/product\/matelas-naturalcasa\/","og_site_name":"naturalcasa\u00ae","og_image":[{"width":831,"height":363,"url":"https:\/\/wearenaturalcasa.com\/wp-content\/uploads\/2024\/07\/colchon.jpg","type":"image\/jpeg"}],"twitter_card":"summary_large_image","schema":{"@context":"https:\/\/schema.org","@graph":[{"@type":"WebPage","@id":"https:\/\/wearenaturalcasa.com\/fr\/product\/matelas-naturalcasa\/","url":"https:\/\/wearenaturalcasa.com\/fr\/product\/matelas-naturalcasa\/","name":"Matelas naturalcasa\u00ae - naturalcasa\u00ae","isPartOf":{"@id":"https:\/\/wearenaturalcasa.com\/fr\/#website"},"primaryImageOfPage":{"@id":"https:\/\/wearenaturalcasa.com\/fr\/product\/matelas-naturalcasa\/#primaryimage"},"image":{"@id":"https:\/\/wearenaturalcasa.com\/fr\/product\/matelas-naturalcasa\/#primaryimage"},"thumbnailUrl":"https:\/\/wearenaturalcasa.com\/wp-content\/uploads\/2024\/07\/colchon.jpg","datePublished":"2024-07-30T07:48:40+00:00","description":"Le matelas Naturalcasa est un matelas en latex 100 % naturel qui offre un \u00e9quilibre parfait entre confort, sant\u00e9 et durabilit\u00e9.","breadcrumb":{"@id":"https:\/\/wearenaturalcasa.com\/fr\/product\/matelas-naturalcasa\/#breadcrumb"},"inLanguage":"fr-FR","potentialAction":[{"@type":"ReadAction","target":["https:\/\/wearenaturalcasa.com\/fr\/product\/matelas-naturalcasa\/"]}]},{"@type":"ImageObject","inLanguage":"fr-FR","@id":"https:\/\/wearenaturalcasa.com\/fr\/product\/matelas-naturalcasa\/#primaryimage","url":"https:\/\/wearenaturalcasa.com\/wp-content\/uploads\/2024\/07\/colchon.jpg","contentUrl":"https:\/\/wearenaturalcasa.com\/wp-content\/uploads\/2024\/07\/colchon.jpg","width":831,"height":363},{"@type":"BreadcrumbList","@id":"https:\/\/wearenaturalcasa.com\/fr\/product\/matelas-naturalcasa\/#breadcrumb","itemListElement":[{"@type":"ListItem","position":1,"name":"Portada","item":"https:\/\/wearenaturalcasa.com\/fr\/"},{"@type":"ListItem","position":2,"name":"Produits","item":"https:\/\/wearenaturalcasa.com\/fr\/shop\/"},{"@type":"ListItem","position":3,"name":"Matelas naturalcasa\u00ae"}]},{"@type":"WebSite","@id":"https:\/\/wearenaturalcasa.com\/fr\/#website","url":"https:\/\/wearenaturalcasa.com\/fr\/","name":"naturalcasa","description":"Best confort. Better planet.","publisher":{"@id":"https:\/\/wearenaturalcasa.com\/fr\/#organization"},"potentialAction":[{"@type":"SearchAction","target":{"@type":"EntryPoint","urlTemplate":"https:\/\/wearenaturalcasa.com\/fr\/?s={search_term_string}"},"query-input":{"@type":"PropertyValueSpecification","valueRequired":true,"valueName":"search_term_string"}}],"inLanguage":"fr-FR"},{"@type":"Organization","@id":"https:\/\/wearenaturalcasa.com\/fr\/#organization","name":"naturalcasa","url":"https:\/\/wearenaturalcasa.com\/fr\/","logo":{"@type":"ImageObject","inLanguage":"fr-FR","@id":"https:\/\/wearenaturalcasa.com\/fr\/#\/schema\/logo\/image\/","url":"https:\/\/wearenaturalcasa.com\/wp-content\/uploads\/2024\/07\/favicon-naturalcasa.png","contentUrl":"https:\/\/wearenaturalcasa.com\/wp-content\/uploads\/2024\/07\/favicon-naturalcasa.png","width":512,"height":512,"caption":"naturalcasa"},"image":{"@id":"https:\/\/wearenaturalcasa.com\/fr\/#\/schema\/logo\/image\/"},"sameAs":["https:\/\/www.instagram.com\/wearenaturalcasa\/"]}]}},"_links":{"self":[{"href":"https:\/\/wearenaturalcasa.com\/fr\/wp-json\/wp\/v2\/product\/2023","targetHints":{"allow":["GET"]}}],"collection":[{"href":"https:\/\/wearenaturalcasa.com\/fr\/wp-json\/wp\/v2\/product"}],"about":[{"href":"https:\/\/wearenaturalcasa.com\/fr\/wp-json\/wp\/v2\/types\/product"}],"wp:featuredmedia":[{"embeddable":true,"href":"https:\/\/wearenaturalcasa.com\/fr\/wp-json\/wp\/v2\/media\/484"}],"wp:attachment":[{"href":"https:\/\/wearenaturalcasa.com\/fr\/wp-json\/wp\/v2\/media?parent=2023"}],"wp:term":[{"taxonomy":"product_brand","embeddable":true,"href":"https:\/\/wearenaturalcasa.com\/fr\/wp-json\/wp\/v2\/product_brand?post=2023"},{"taxonomy":"product_cat","embeddable":true,"href":"https:\/\/wearenaturalcasa.com\/fr\/wp-json\/wp\/v2\/product_cat?post=2023"},{"taxonomy":"product_tag","embeddable":true,"href":"https:\/\/wearenaturalcasa.com\/fr\/wp-json\/wp\/v2\/product_tag?post=2023"}],"curies":[{"name":"wp","href":"https:\/\/api.w.org\/{rel}","templated":true}]}}